{"id":1251,"date":"2014-04-22T15:55:37","date_gmt":"2014-04-22T14:55:37","guid":{"rendered":"https:\/\/www.bergerac.aeroport.fr\/compagnies-aeriennes-2\/"},"modified":"2024-02-13T10:36:07","modified_gmt":"2024-02-13T09:36:07","slug":"airlines-companies","status":"publish","type":"page","link":"https:\/\/www.bergerac.aeroport.fr\/en\/airlines-companies\/","title":{"rendered":"Airlines companies"},"content":{"rendered":"<p>[vc_row][vc_column width=&#8221;1\/3&#8243;][vc_single_image image=&#8221;4541&#8243; img_size=&#8221;full&#8221; alignment=&#8221;center&#8221;][vc_column_text]<\/p>\n<p style=\"text-align: center;\">TRANSAVIA \u2013 CODE IATA : HV<\/p>\n<p>[\/vc_column_text][\/vc_column][vc_column width=&#8221;1\/3&#8243;][vc_raw_html]JTNDcCUzRSUzQ3NwYW4lMjBjbGFzcyUzRCUyMnZjX2ljb25fZWxlbWVudC1pY29uJTIwZmElMjBmYS1wbGFuZSUyMiUzRSUzQyUyRnNwYW4lM0UlMjZuYnNwJTNCUm90dGVyZGFtJTNDJTJGcCUzRSUwQSUzQ3AlM0UlM0NzcGFuJTIwY2xhc3MlM0QlMjJ2Y19pY29uX2VsZW1lbnQtaWNvbiUyMGZhJTIwZmEtcGhvbmUlMjIlM0UlM0MlMkZzcGFuJTNFJTI2bmJzcCUzQjA4JTIwOTIlMjAwNSUyMDg4JTIwODglMjAlMjgwJTJDMzUlMjAlRTIlODIlQUMlMjBUVEMlMkZtaW4lMjklM0MlMkZwJTNFJTBBJTNDcCUzRSUzQ3NwYW4lMjBjbGFzcyUzRCUyMnZjX2ljb25fZWxlbWVudC1pY29uJTIwZmElMjBmYS1jaGVjayUyMiUzRSUzQyUyRnNwYW4lM0UlM0NhJTIwaHJlZiUzRCUyMmh0dHBzJTNBJTJGJTJGd3d3LnRyYW5zYXZpYS5jb20lMkZlbi1VSyUyRm15LXRyYW5zYXZpYSUyRmNoZWNrLWluJTJGbG9naW4lMkYlMjIlMjB0YXJnZXQlM0QlMjJfYmxhbmslMjIlMjByZWwlM0QlMjJub29wZW5lciUyMiUzRSUyNm5ic3AlM0JDaGVjay1pbiUzQyUyRmElM0UlM0MlMkZwJTNF[\/vc_raw_html][\/vc_column][vc_column width=&#8221;1\/3&#8243;][vc_btn title=&#8221;Web Site&#8221; color=&#8221;info&#8221; link=&#8221;url:https%3A%2F%2Fwww.transavia.com%2Fen-UK%2Fhome%2F||target:%20_blank|&#8221;][\/vc_column][\/vc_row][vc_row][vc_column width=&#8221;1\/3&#8243;][vc_single_image image=&#8221;1131&#8243; img_size=&#8221;full&#8221; alignment=&#8221;center&#8221;][vc_column_text]<\/p>\n<p style=\"text-align: center;\">RYANAIR \u2013 CODE IATA: FR<\/p>\n<p>[\/vc_column_text][\/vc_column][vc_column width=&#8221;1\/3&#8243;][vc_raw_html]JTNDcCUzRSUzQ3NwYW4lMjBjbGFzcyUzRCUyMnZjX2ljb25fZWxlbWVudC1pY29uJTIwZmElMjBmYS1wbGFuZSUyMiUzRSUzQyUyRnNwYW4lM0UlMjZuYnNwJTNCQm91cm5lbW91dGglM0MlMkZwJTNFJTBBJTNDcCUzRSUzQ3NwYW4lMjBjbGFzcyUzRCUyMnZjX2ljb25fZWxlbWVudC1pY29uJTIwZmElMjBmYS1wbGFuZSUyMiUzRSUzQyUyRnNwYW4lM0UlMjZuYnNwJTNCQnJpc3RvbCUzQyUyRnAlM0UlMEElM0NwJTNFJTNDc3BhbiUyMGNsYXNzJTNEJTIydmNfaWNvbl9lbGVtZW50LWljb24lMjBmYSUyMGZhLXBsYW5lJTIyJTNFJTNDJTJGc3BhbiUzRSUyNm5ic3AlM0JCcnV4ZWxsZXMtQ2hhcmxlcm9pJTNDJTJGcCUzRSUwQSUzQ3AlM0UlM0NzcGFuJTIwY2xhc3MlM0QlMjJ2Y19pY29uX2VsZW1lbnQtaWNvbiUyMGZhJTIwZmEtcGxhbmUlMjIlM0UlM0MlMkZzcGFuJTNFJTI2bmJzcCUzQkVhc3QlMjBNaWRsYW5kJTNDJTJGcCUzRSUwQSUzQ3AlM0UlM0NzcGFuJTIwY2xhc3MlM0QlMjJ2Y19pY29uX2VsZW1lbnQtaWNvbiUyMGZhJTIwZmEtcGxhbmUlMjIlM0UlM0MlMkZzcGFuJTNFJTI2bmJzcCUzQkxpdmVycG9vbCUzQyUyRnAlM0UlMEElM0NwJTNFJTNDc3BhbiUyMGNsYXNzJTNEJTIydmNfaWNvbl9lbGVtZW50LWljb24lMjBmYSUyMGZhLXBsYW5lJTIyJTNFJTNDJTJGc3BhbiUzRSUyNm5ic3AlM0JFZGluYnVyZyUzQyUyRnAlM0UlMEElM0NwJTNFJTNDc3BhbiUyMGNsYXNzJTNEJTIydmNfaWNvbl9lbGVtZW50LWljb24lMjBmYSUyMGZhLXBsYW5lJTIyJTNFJTNDJTJGc3BhbiUzRSUyNm5ic3AlM0JMb25kcmVzJTIwU3RhbnN0ZWQlM0MlMkZwJTNFJTBBJTNDcCUzRSUzQ3NwYW4lMjBjbGFzcyUzRCUyMnZjX2ljb25fZWxlbWVudC1pY29uJTIwZmElMjBmYS1waG9uZSUyMiUzRSUzQyUyRnNwYW4lM0UlMjZuYnNwJTNCMDglMjA5MiUyMDU2JTIwMjElMjA1MCUyMCUyODAlMkMzNCUyMCVFMiU4MiVBQyUyMFRUQyUyRm1pbiUyOSUzQyUyRnAlM0UlMEElM0NwJTNFJTNDc3BhbiUyMGNsYXNzJTNEJTIydmNfaWNvbl9lbGVtZW50LWljb24lMjBmYSUyMGZhLWNoZWNrJTIyJTNFJTNDJTJGc3BhbiUzRSUzQ2ElMjBocmVmJTNEJTIyaHR0cHMlM0ElMkYlMkZ3d3cucnlhbmFpci5jb20lMkZnYiUyRmVuJTJGY2hlY2staW4lMjIlMjB0YXJnZXQlM0QlMjJfYmxhbmslMjIlMjByZWwlM0QlMjJub29wZW5lciUyMiUzRSUyNm5ic3AlM0JDaGVjay1pbiUzQyUyRmElM0UlM0MlMkZwJTNF[\/vc_raw_html][\/vc_column][vc_column width=&#8221;1\/3&#8243;][vc_btn title=&#8221;Web Site&#8221; color=&#8221;info&#8221; link=&#8221;url:https%3A%2F%2Fwww.ryanair.com%2Fgb%2Fen%2F||target:%20_blank|&#8221;][\/vc_column][\/vc_row][vc_row][vc_column width=&#8221;1\/3&#8243;][vc_single_image image=&#8221;2536&#8243; img_size=&#8221;full&#8221; alignment=&#8221;center&#8221;][vc_column_text]<\/p>\n<p style=\"text-align: center;\">BRITISH AIRWAYS \u2013 CODE IATA : BA<\/p>\n<p>[\/vc_column_text][\/vc_column][vc_column width=&#8221;1\/3&#8243;][vc_raw_html]JTNDcCUzRSUzQ3NwYW4lMjBjbGFzcyUzRCUyMnZjX2ljb25fZWxlbWVudC1pY29uJTIwZmElMjBmYS1wbGFuZSUyMiUzRSUzQyUyRnNwYW4lM0UlMjZuYnNwJTNCTG9uZHJlcyUyMENpdHklM0MlMkZwJTNFJTBBJTNDcCUzRSUzQ3NwYW4lMjBjbGFzcyUzRCUyMnZjX2ljb25fZWxlbWVudC1pY29uJTIwZmElMjBmYS1wbGFuZSUyMiUzRSUzQyUyRnNwYW4lM0UlMjZuYnNwJTNCU291dGhhbXB0b24lM0MlMkZwJTNFJTBBJTNDcCUzRSUzQ3NwYW4lMjBjbGFzcyUzRCUyMnZjX2ljb25fZWxlbWVudC1pY29uJTIwZmElMjBmYS1waG9uZSUyMiUzRSUzQyUyRnNwYW4lM0UlMjZuYnNwJTNCMDglMjAyNSUyMDgyJTIwNTQlMjAwMCUyMCUyODAlMkM4MCUyMCVFMiU4MiVBQyUyMFRUQyUyRm1pbiUyOSUzQyUyRnAlM0UlMEElM0NwJTNFJTNDc3BhbiUyMGNsYXNzJTNEJTIydmNfaWNvbl9lbGVtZW50LWljb24lMjBmYSUyMGZhLWNoZWNrJTIyJTNFJTNDJTJGc3BhbiUzRSUzQ2ElMjBocmVmJTNEJTIyaHR0cHMlM0ElMkYlMkZ3d3cuYnJpdGlzaGFpcndheXMuY29tJTJGZW4tZ2IlMkZob21lJTIzJTJGJTIyJTIwdGFyZ2V0JTNEJTIyX2JsYW5rJTIyJTIwcmVsJTNEJTIybm9vcGVuZXIlMjIlM0UlMjZuYnNwJTNCQ2hlY2staW4lM0MlMkZhJTNFJTNDJTJGcCUzRQ==[\/vc_raw_html][\/vc_column][vc_column width=&#8221;1\/3&#8243;][vc_btn title=&#8221;Web Site&#8221; color=&#8221;info&#8221; link=&#8221;url:https%3A%2F%2Fwww.britishairways.com%2Fen-gb%2Fhome%23%2F||target:%20_blank|&#8221;][\/vc_column][\/vc_row][vc_row][vc_column width=&#8221;1\/3&#8243;][vc_single_image image=&#8221;3591&#8243; img_size=&#8221;full&#8221; alignment=&#8221;center&#8221;][vc_column_text]<\/p>\n<p style=\"text-align: center;\">JET2.COM \u2013 CODE IATA : LS<\/p>\n<p>[\/vc_column_text][\/vc_column][vc_column width=&#8221;1\/3&#8243;][vc_raw_html]JTNDcCUzRSUzQ3NwYW4lMjBjbGFzcyUzRCUyMnZjX2ljb25fZWxlbWVudC1pY29uJTIwZmElMjBmYS1wbGFuZSUyMiUzRSUzQyUyRnNwYW4lM0UlMjZuYnNwJTNCTGVlZHMlMjBhbmQlMjBCcmFkZm9yZCUzQyUyRnAlM0UlMEElM0NwJTNFJTNDc3BhbiUyMGNsYXNzJTNEJTIydmNfaWNvbl9lbGVtZW50LWljb24lMjBmYSUyMGZhLXBsYW5lJTIyJTNFJTNDJTJGc3BhbiUzRSUyNm5ic3AlM0JNYW5jaGVzdGVyJTNDJTJGcCUzRSUwQSUzQ3AlM0UlM0NzcGFuJTIwY2xhc3MlM0QlMjJ2Y19pY29uX2VsZW1lbnQtaWNvbiUyMGZhJTIwZmEtcGhvbmUlMjIlM0UlM0MlMkZzcGFuJTNFJTI2bmJzcCUzQjA4JTIwMjElMjAyMyUyMDAyJTIwMDMlM0MlMkZwJTNFJTBBJTNDcCUzRSUzQ3NwYW4lMjBjbGFzcyUzRCUyMnZjX2ljb25fZWxlbWVudC1pY29uJTIwZmElMjBmYS1jaGVjayUyMiUzRSUzQyUyRnNwYW4lM0UlM0NhJTIwaHJlZiUzRCUyMmh0dHBzJTNBJTJGJTJGd3d3LmpldDIuY29tJTJGZW4lMkZsb2dpbiUyMiUyMHRhcmdldCUzRCUyMl9ibGFuayUyMiUyMHJlbCUzRCUyMm5vb3BlbmVyJTIyJTNFJTI2bmJzcCUzQkNoZWNrLWluJTNDJTJGYSUzRSUzQyUyRnAlM0U=[\/vc_raw_html][\/vc_column][vc_column width=&#8221;1\/3&#8243;][vc_btn title=&#8221;Web Site&#8221; color=&#8221;info&#8221; link=&#8221;url:https%3A%2F%2Fwww.jet2.com%2F||target:%20_blank|&#8221;][\/vc_column][\/vc_row]<\/p>\n","protected":false},"excerpt":{"rendered":"<p>[vc_row][vc_column width=&#8221;1\/3&#8243;][vc_single_image image=&#8221;4541&#8243; img_size=&#8221;full&#8221; alignment=&#8221;center&#8221;][vc_column_text] TRANSAVIA \u2013 CODE IATA : HV [\/vc_column_text][\/vc_column][vc_column width=&#8221;1\/3&#8243;][vc_raw_html]JTNDcCUzRSUzQ3NwYW4lMjBjbGFzcyUzRCUyMnZjX2ljb25fZWxlbWVudC1pY29uJTIwZmElMjBmYS1wbGFuZSUyMiUzRSUzQyUyRnNwYW4lM0UlMjZuYnNwJTNCUm90dGVyZGFtJTNDJTJGcCUzRSUwQSUzQ3AlM0UlM0NzcGFuJTIwY2xhc3MlM0QlMjJ2Y19pY29uX2VsZW1lbnQtaWNvbiUyMGZhJTIwZmEtcGhvbmUlMjIlM0UlM0MlMkZzcGFuJTNFJTI2bmJzcCUzQjA4JTIwOTIlMjAwNSUyMDg4JTIwODglMjAlMjgwJTJDMzUlMjAlRTIlODIlQUMlMjBUVEMlMkZtaW4lMjklM0MlMkZwJTNFJTBBJTNDcCUzRSUzQ3NwYW4lMjBjbGFzcyUzRCUyMnZjX2ljb25fZWxlbWVudC1pY29uJTIwZmElMjBmYS1jaGVjayUyMiUzRSUzQyUyRnNwYW4lM0UlM0NhJTIwaHJlZiUzRCUyMmh0dHBzJTNBJTJGJTJGd3d3LnRyYW5zYXZpYS5jb20lMkZlbi1VSyUyRm15LXRyYW5zYXZpYSUyRmNoZWNrLWluJTJGbG9naW4lMkYlMjIlMjB0YXJnZXQlM0QlMjJfYmxhbmslMjIlMjByZWwlM0QlMjJub29wZW5lciUyMiUzRSUyNm5ic3AlM0JDaGVjay1pbiUzQyUyRmElM0UlM0MlMkZwJTNF[\/vc_raw_html][\/vc_column][vc_column width=&#8221;1\/3&#8243;][vc_btn title=&#8221;Web Site&#8221; color=&#8221;info&#8221; link=&#8221;url:https%3A%2F%2Fwww.transavia.com%2Fen-UK%2Fhome%2F||target:%20_blank|&#8221;][\/vc_column][\/vc_row][vc_row][vc_column width=&#8221;1\/3&#8243;][vc_single_image image=&#8221;1131&#8243; img_size=&#8221;full&#8221; alignment=&#8221;center&#8221;][vc_column_text] RYANAIR \u2013 CODE IATA: FR [\/vc_column_text][\/vc_column][vc_column width=&#8221;1\/3&#8243;][vc_raw_html]JTNDcCUzRSUzQ3NwYW4lMjBjbGFzcyUzRCUyMnZjX2ljb25fZWxlbWVudC1pY29uJTIwZmElMjBmYS1wbGFuZSUyMiUzRSUzQyUyRnNwYW4lM0UlMjZuYnNwJTNCQm91cm5lbW91dGglM0MlMkZwJTNFJTBBJTNDcCUzRSUzQ3NwYW4lMjBjbGFzcyUzRCUyMnZjX2ljb25fZWxlbWVudC1pY29uJTIwZmElMjBmYS1wbGFuZSUyMiUzRSUzQyUyRnNwYW4lM0UlMjZuYnNwJTNCQnJpc3RvbCUzQyUyRnAlM0UlMEElM0NwJTNFJTNDc3BhbiUyMGNsYXNzJTNEJTIydmNfaWNvbl9lbGVtZW50LWljb24lMjBmYSUyMGZhLXBsYW5lJTIyJTNFJTNDJTJGc3BhbiUzRSUyNm5ic3AlM0JCcnV4ZWxsZXMtQ2hhcmxlcm9pJTNDJTJGcCUzRSUwQSUzQ3AlM0UlM0NzcGFuJTIwY2xhc3MlM0QlMjJ2Y19pY29uX2VsZW1lbnQtaWNvbiUyMGZhJTIwZmEtcGxhbmUlMjIlM0UlM0MlMkZzcGFuJTNFJTI2bmJzcCUzQkVhc3QlMjBNaWRsYW5kJTNDJTJGcCUzRSUwQSUzQ3AlM0UlM0NzcGFuJTIwY2xhc3MlM0QlMjJ2Y19pY29uX2VsZW1lbnQtaWNvbiUyMGZhJTIwZmEtcGxhbmUlMjIlM0UlM0MlMkZzcGFuJTNFJTI2bmJzcCUzQkxpdmVycG9vbCUzQyUyRnAlM0UlMEElM0NwJTNFJTNDc3BhbiUyMGNsYXNzJTNEJTIydmNfaWNvbl9lbGVtZW50LWljb24lMjBmYSUyMGZhLXBsYW5lJTIyJTNFJTNDJTJGc3BhbiUzRSUyNm5ic3AlM0JFZGluYnVyZyUzQyUyRnAlM0UlMEElM0NwJTNFJTNDc3BhbiUyMGNsYXNzJTNEJTIydmNfaWNvbl9lbGVtZW50LWljb24lMjBmYSUyMGZhLXBsYW5lJTIyJTNFJTNDJTJGc3BhbiUzRSUyNm5ic3AlM0JMb25kcmVzJTIwU3RhbnN0ZWQlM0MlMkZwJTNFJTBBJTNDcCUzRSUzQ3NwYW4lMjBjbGFzcyUzRCUyMnZjX2ljb25fZWxlbWVudC1pY29uJTIwZmElMjBmYS1waG9uZSUyMiUzRSUzQyUyRnNwYW4lM0UlMjZuYnNwJTNCMDglMjA5MiUyMDU2JTIwMjElMjA1MCUyMCUyODAlMkMzNCUyMCVFMiU4MiVBQyUyMFRUQyUyRm1pbiUyOSUzQyUyRnAlM0UlMEElM0NwJTNFJTNDc3BhbiUyMGNsYXNzJTNEJTIydmNfaWNvbl9lbGVtZW50LWljb24lMjBmYSUyMGZhLWNoZWNrJTIyJTNFJTNDJTJGc3BhbiUzRSUzQ2ElMjBocmVmJTNEJTIyaHR0cHMlM0ElMkYlMkZ3d3cucnlhbmFpci5jb20lMkZnYiUyRmVuJTJGY2hlY2staW4lMjIlMjB0YXJnZXQlM0QlMjJfYmxhbmslMjIlMjByZWwlM0QlMjJub29wZW5lciUyMiUzRSUyNm5ic3AlM0JDaGVjay1pbiUzQyUyRmElM0UlM0MlMkZwJTNF[\/vc_raw_html][\/vc_column][vc_column width=&#8221;1\/3&#8243;][vc_btn title=&#8221;Web Site&#8221; color=&#8221;info&#8221; link=&#8221;url:https%3A%2F%2Fwww.ryanair.com%2Fgb%2Fen%2F||target:%20_blank|&#8221;][\/vc_column][\/vc_row][vc_row][vc_column width=&#8221;1\/3&#8243;][vc_single_image image=&#8221;2536&#8243; img_size=&#8221;full&#8221; alignment=&#8221;center&#8221;][vc_column_text] BRITISH AIRWAYS \u2013 CODE IATA : BA [\/vc_column_text][\/vc_column][vc_column width=&#8221;1\/3&#8243;][vc_raw_html]JTNDcCUzRSUzQ3NwYW4lMjBjbGFzcyUzRCUyMnZjX2ljb25fZWxlbWVudC1pY29uJTIwZmElMjBmYS1wbGFuZSUyMiUzRSUzQyUyRnNwYW4lM0UlMjZuYnNwJTNCTG9uZHJlcyUyMENpdHklM0MlMkZwJTNFJTBBJTNDcCUzRSUzQ3NwYW4lMjBjbGFzcyUzRCUyMnZjX2ljb25fZWxlbWVudC1pY29uJTIwZmElMjBmYS1wbGFuZSUyMiUzRSUzQyUyRnNwYW4lM0UlMjZuYnNwJTNCU291dGhhbXB0b24lM0MlMkZwJTNFJTBBJTNDcCUzRSUzQ3NwYW4lMjBjbGFzcyUzRCUyMnZjX2ljb25fZWxlbWVudC1pY29uJTIwZmElMjBmYS1waG9uZSUyMiUzRSUzQyUyRnNwYW4lM0UlMjZuYnNwJTNCMDglMjAyNSUyMDgyJTIwNTQlMjAwMCUyMCUyODAlMkM4MCUyMCVFMiU4MiVBQyUyMFRUQyUyRm1pbiUyOSUzQyUyRnAlM0UlMEElM0NwJTNFJTNDc3BhbiUyMGNsYXNzJTNEJTIydmNfaWNvbl9lbGVtZW50LWljb24lMjBmYSUyMGZhLWNoZWNrJTIyJTNFJTNDJTJGc3BhbiUzRSUzQ2ElMjBocmVmJTNEJTIyaHR0cHMlM0ElMkYlMkZ3d3cuYnJpdGlzaGFpcndheXMuY29tJTJGZW4tZ2IlMkZob21lJTIzJTJGJTIyJTIwdGFyZ2V0JTNEJTIyX2JsYW5rJTIyJTIwcmVsJTNEJTIybm9vcGVuZXIlMjIlM0UlMjZuYnNwJTNCQ2hlY2staW4lM0MlMkZhJTNFJTNDJTJGcCUzRQ==[\/vc_raw_html][\/vc_column][vc_column width=&#8221;1\/3&#8243;][vc_btn title=&#8221;Web Site&#8221; color=&#8221;info&#8221; link=&#8221;url:https%3A%2F%2Fwww.britishairways.com%2Fen-gb%2Fhome%23%2F||target:%20_blank|&#8221;][\/vc_column][\/vc_row][vc_row][vc_column width=&#8221;1\/3&#8243;][vc_single_image image=&#8221;3591&#8243; img_size=&#8221;full&#8221; [&hellip;]<\/p>\n","protected":false},"author":2,"featured_media":0,"parent":0,"menu_order":0,"comment_status":"open","ping_status":"open","template":"","meta":{"footnotes":""},"class_list":["post-1251","page","type-page","status-publish","hentry"],"yoast_head":"<!-- This site is optimized with the Yoast SEO plugin v27.5 - https:\/\/yoast.com\/product\/yoast-seo-wordpress\/ -->\n<title>Airlines companies - A\u00e9roport Bergerac Dordogne P\u00e9rigord<\/title>\n<meta name=\"description\" content=\"Site officiel de l&#039;A\u00e9roport Bergerac Dordogne P\u00e9rigord. Voyage, billets d&#039;avion, horaires vols, compagnies a\u00e9riennes, acc\u00e8s et r\u00e9servation parking.\" \/>\n<meta name=\"robots\" content=\"index, follow, max-snippet:-1, max-image-preview:large, max-video-preview:-1\" \/>\n<link rel=\"canonical\" href=\"https:\/\/www.bergerac.aeroport.fr\/en\/airlines-companies\/\" \/>\n<meta property=\"og:locale\" content=\"en_US\" \/>\n<meta property=\"og:type\" content=\"article\" \/>\n<meta property=\"og:title\" content=\"Airlines companies - A\u00e9roport Bergerac Dordogne P\u00e9rigord\" \/>\n<meta property=\"og:description\" content=\"Site officiel de l&#039;A\u00e9roport Bergerac Dordogne P\u00e9rigord. Voyage, billets d&#039;avion, horaires vols, compagnies a\u00e9riennes, acc\u00e8s et r\u00e9servation parking.\" \/>\n<meta property=\"og:url\" content=\"https:\/\/www.bergerac.aeroport.fr\/en\/airlines-companies\/\" \/>\n<meta property=\"og:site_name\" content=\"A\u00e9roport Bergerac Dordogne P\u00e9rigord\" \/>\n<meta property=\"article:publisher\" content=\"https:\/\/www.facebook.com\/aeroportbergerac.dordogneperigord\" \/>\n<meta property=\"article:modified_time\" content=\"2024-02-13T09:36:07+00:00\" \/>\n<meta name=\"twitter:label1\" content=\"Est. reading time\" \/>\n\t<meta name=\"twitter:data1\" content=\"2 minutes\" \/>\n<script type=\"application\/ld+json\" class=\"yoast-schema-graph\">{\"@context\":\"https:\\\/\\\/schema.org\",\"@graph\":[{\"@type\":\"WebPage\",\"@id\":\"https:\\\/\\\/www.bergerac.aeroport.fr\\\/en\\\/airlines-companies\\\/\",\"url\":\"https:\\\/\\\/www.bergerac.aeroport.fr\\\/en\\\/airlines-companies\\\/\",\"name\":\"Airlines companies - A\u00e9roport Bergerac Dordogne P\u00e9rigord\",\"isPartOf\":{\"@id\":\"https:\\\/\\\/www.bergerac.aeroport.fr\\\/#website\"},\"datePublished\":\"2014-04-22T14:55:37+00:00\",\"dateModified\":\"2024-02-13T09:36:07+00:00\",\"description\":\"Site officiel de l'A\u00e9roport Bergerac Dordogne P\u00e9rigord. Voyage, billets d'avion, horaires vols, compagnies a\u00e9riennes, acc\u00e8s et r\u00e9servation parking.\",\"breadcrumb\":{\"@id\":\"https:\\\/\\\/www.bergerac.aeroport.fr\\\/en\\\/airlines-companies\\\/#breadcrumb\"},\"inLanguage\":\"en-US\",\"potentialAction\":[{\"@type\":\"ReadAction\",\"target\":[\"https:\\\/\\\/www.bergerac.aeroport.fr\\\/en\\\/airlines-companies\\\/\"]}]},{\"@type\":\"BreadcrumbList\",\"@id\":\"https:\\\/\\\/www.bergerac.aeroport.fr\\\/en\\\/airlines-companies\\\/#breadcrumb\",\"itemListElement\":[{\"@type\":\"ListItem\",\"position\":1,\"name\":\"Home\",\"item\":\"https:\\\/\\\/www.bergerac.aeroport.fr\\\/en\\\/\"},{\"@type\":\"ListItem\",\"position\":2,\"name\":\"Airlines companies\"}]},{\"@type\":\"WebSite\",\"@id\":\"https:\\\/\\\/www.bergerac.aeroport.fr\\\/#website\",\"url\":\"https:\\\/\\\/www.bergerac.aeroport.fr\\\/\",\"name\":\"A\u00e9roport Bergerac Dordogne P\u00e9rigord\",\"description\":\"\",\"potentialAction\":[{\"@type\":\"SearchAction\",\"target\":{\"@type\":\"EntryPoint\",\"urlTemplate\":\"https:\\\/\\\/www.bergerac.aeroport.fr\\\/?s={search_term_string}\"},\"query-input\":{\"@type\":\"PropertyValueSpecification\",\"valueRequired\":true,\"valueName\":\"search_term_string\"}}],\"inLanguage\":\"en-US\"}]}<\/script>\n<!-- \/ Yoast SEO plugin. -->","yoast_head_json":{"title":"Airlines companies - A\u00e9roport Bergerac Dordogne P\u00e9rigord","description":"Site officiel de l'A\u00e9roport Bergerac Dordogne P\u00e9rigord. Voyage, billets d'avion, horaires vols, compagnies a\u00e9riennes, acc\u00e8s et r\u00e9servation parking.","robots":{"index":"index","follow":"follow","max-snippet":"max-snippet:-1","max-image-preview":"max-image-preview:large","max-video-preview":"max-video-preview:-1"},"canonical":"https:\/\/www.bergerac.aeroport.fr\/en\/airlines-companies\/","og_locale":"en_US","og_type":"article","og_title":"Airlines companies - A\u00e9roport Bergerac Dordogne P\u00e9rigord","og_description":"Site officiel de l'A\u00e9roport Bergerac Dordogne P\u00e9rigord. Voyage, billets d'avion, horaires vols, compagnies a\u00e9riennes, acc\u00e8s et r\u00e9servation parking.","og_url":"https:\/\/www.bergerac.aeroport.fr\/en\/airlines-companies\/","og_site_name":"A\u00e9roport Bergerac Dordogne P\u00e9rigord","article_publisher":"https:\/\/www.facebook.com\/aeroportbergerac.dordogneperigord","article_modified_time":"2024-02-13T09:36:07+00:00","twitter_misc":{"Est. reading time":"2 minutes"},"schema":{"@context":"https:\/\/schema.org","@graph":[{"@type":"WebPage","@id":"https:\/\/www.bergerac.aeroport.fr\/en\/airlines-companies\/","url":"https:\/\/www.bergerac.aeroport.fr\/en\/airlines-companies\/","name":"Airlines companies - A\u00e9roport Bergerac Dordogne P\u00e9rigord","isPartOf":{"@id":"https:\/\/www.bergerac.aeroport.fr\/#website"},"datePublished":"2014-04-22T14:55:37+00:00","dateModified":"2024-02-13T09:36:07+00:00","description":"Site officiel de l'A\u00e9roport Bergerac Dordogne P\u00e9rigord. Voyage, billets d'avion, horaires vols, compagnies a\u00e9riennes, acc\u00e8s et r\u00e9servation parking.","breadcrumb":{"@id":"https:\/\/www.bergerac.aeroport.fr\/en\/airlines-companies\/#breadcrumb"},"inLanguage":"en-US","potentialAction":[{"@type":"ReadAction","target":["https:\/\/www.bergerac.aeroport.fr\/en\/airlines-companies\/"]}]},{"@type":"BreadcrumbList","@id":"https:\/\/www.bergerac.aeroport.fr\/en\/airlines-companies\/#breadcrumb","itemListElement":[{"@type":"ListItem","position":1,"name":"Home","item":"https:\/\/www.bergerac.aeroport.fr\/en\/"},{"@type":"ListItem","position":2,"name":"Airlines companies"}]},{"@type":"WebSite","@id":"https:\/\/www.bergerac.aeroport.fr\/#website","url":"https:\/\/www.bergerac.aeroport.fr\/","name":"A\u00e9roport Bergerac Dordogne P\u00e9rigord","description":"","potentialAction":[{"@type":"SearchAction","target":{"@type":"EntryPoint","urlTemplate":"https:\/\/www.bergerac.aeroport.fr\/?s={search_term_string}"},"query-input":{"@type":"PropertyValueSpecification","valueRequired":true,"valueName":"search_term_string"}}],"inLanguage":"en-US"}]}},"_links":{"self":[{"href":"https:\/\/www.bergerac.aeroport.fr\/en\/wp-json\/wp\/v2\/pages\/1251\/"}],"collection":[{"href":"https:\/\/www.bergerac.aeroport.fr\/en\/wp-json\/wp\/v2\/pages\/"}],"about":[{"href":"https:\/\/www.bergerac.aeroport.fr\/en\/wp-json\/wp\/v2\/types\/page\/"}],"author":[{"embeddable":true,"href":"https:\/\/www.bergerac.aeroport.fr\/en\/wp-json\/wp\/v2\/users\/2\/"}],"replies":[{"embeddable":true,"href":"https:\/\/www.bergerac.aeroport.fr\/en\/wp-json\/wp\/v2\/comments\/?post=1251"}],"version-history":[{"count":29,"href":"https:\/\/www.bergerac.aeroport.fr\/en\/wp-json\/wp\/v2\/pages\/1251\/revisions\/"}],"predecessor-version":[{"id":5777,"href":"https:\/\/www.bergerac.aeroport.fr\/en\/wp-json\/wp\/v2\/pages\/1251\/revisions\/5777\/"}],"wp:attachment":[{"href":"https:\/\/www.bergerac.aeroport.fr\/en\/wp-json\/wp\/v2\/media\/?parent=1251"}],"curies":[{"name":"wp","href":"https:\/\/api.w.org\/{rel}","templated":true}]}}