{"id":1253,"date":"2014-04-22T15:55:49","date_gmt":"2014-04-22T14:55:49","guid":{"rendered":"https:\/\/www.bergerac.aeroport.fr\/agences-voyage-2\/"},"modified":"2019-11-04T10:00:56","modified_gmt":"2019-11-04T09:00:56","slug":"travel-agencies","status":"publish","type":"page","link":"https:\/\/www.bergerac.aeroport.fr\/en\/travel-agencies\/","title":{"rendered":"Travel agencies"},"content":{"rendered":"<p>[vc_row el_class=&#8221;agencevoyage&#8221;][vc_column offset=&#8221;vc_hidden-md vc_hidden-sm vc_hidden-xs&#8221;][vc_column_text]<div class=\"responsive-tabs\">\n<h2 class=\"tabtitle\">BERGERAC (24)<\/h2>\n<div class=\"tabcontent\">\n<\/p>\n\n<table id=\"tablepress-6\" class=\"tablepress tablepress-id-6\">\n<thead>\n<tr class=\"row-1 odd\">\n\t<th class=\"column-1\">Agence<\/th><th class=\"column-2\">Adresse<\/th><th class=\"column-3\">T\u00e9l<\/th><th class=\"column-4\">Mail<\/th>\n<\/tr>\n<\/thead>\n<tbody class=\"row-hover\">\n<tr class=\"row-2 even\">\n\t<td class=\"column-1\">E-Leclerc voyages<\/td><td class=\"column-2\">150 route Bordeaux<\/td><td class=\"column-3\">05.53.63.68.71<\/td><td class=\"column-4\">leclerc.voyages.bergerac@wanadoo.fr<\/td>\n<\/tr>\n<tr class=\"row-3 odd\">\n\t<td class=\"column-1\">Ambassade FRAM Fitour<\/td><td class=\"column-2\">Place des 2 Conils<\/td><td class=\"column-3\">05.53.22.23.23<\/td><td class=\"column-4\">bergerac@fitour-voyages.com<\/td>\n<\/tr>\n<tr class=\"row-4 even\">\n\t<td class=\"column-1\">Nouvelles Fronti\u00e8res<\/td><td class=\"column-2\">6 rue Carmes<\/td><td class=\"column-3\">05.53.58.55.81<\/td><td class=\"column-4\">bergerac.nf@nouvelles-fronti\u00e8res.fr<\/td>\n<\/tr>\n<tr class=\"row-5 odd\">\n\t<td class=\"column-1\">R\u00eaves &amp; voyages,<\/td><td class=\"column-2\">107 rue Neuve d'Argenson<\/td><td class=\"column-3\">05.53.57.08.04<\/td><td class=\"column-4\">revesvoyages@orange.fr<\/td>\n<\/tr>\n<tr class=\"row-6 even\">\n\t<td class=\"column-1\">Thomas Cook<\/td><td class=\"column-2\">37 Grand Rue<\/td><td class=\"column-3\">05.53.23.55.00<\/td><td class=\"column-4\">bergerac@thomascook.fr<\/td>\n<\/tr>\n<\/tbody>\n<\/table>\n<!-- #tablepress-6 from cache -->\n\n<\/div><h2 class=\"tabtitle\">PERIGUEUX (24)<\/h2>\n<div class=\"tabcontent\">\n\n\n<table id=\"tablepress-7\" class=\"tablepress tablepress-id-7\">\n<thead>\n<tr class=\"row-1 odd\">\n\t<th class=\"column-1\">Agence<\/th><th class=\"column-2\">Adresse<\/th><th class=\"column-3\">T\u00e9l<\/th><th class=\"column-4\">Mail<\/th>\n<\/tr>\n<\/thead>\n<tbody class=\"row-hover\">\n<tr class=\"row-2 even\">\n\t<td class=\"column-1\">Ambassade FRAM \"Destination Globe\"<\/td><td class=\"column-2\">26 rue Pr\u00e9s Wilson<\/td><td class=\"column-3\">05.53.53.66.31<\/td><td class=\"column-4\">destination.globe@wanadoo.fr<\/td>\n<\/tr>\n<tr class=\"row-3 odd\">\n\t<td class=\"column-1\">E-Leclerc voyages<\/td><td class=\"column-2\"><\/td><td class=\"column-3\">05.53.35.75.77<\/td><td class=\"column-4\"><\/td>\n<\/tr>\n<tr class=\"row-4 even\">\n\t<td class=\"column-1\">Havas voyages couleur soleil<\/td><td class=\"column-2\">3 rue r\u00e9publique<\/td><td class=\"column-3\">05.53.08.49.11<\/td><td class=\"column-4\">couleursoleil24@orange.fr<\/td>\n<\/tr>\n<tr class=\"row-5 odd\">\n\t<td class=\"column-1\">Nouvelles fronti\u00e8res<\/td><td class=\"column-2\">13 cours montaigne<\/td><td class=\"column-3\">05.53.05.17.85<\/td><td class=\"column-4\">perigueux.nf@nouvelle-fronti\u00e8res.fr<\/td>\n<\/tr>\n<tr class=\"row-6 even\">\n\t<td class=\"column-1\">Jet Tours cap travel<\/td><td class=\"column-2\">12 place Andr\u00e9 Maurois<\/td><td class=\"column-3\">05.53.02.69.10<\/td><td class=\"column-4\">captravel@wanadoo.fr<\/td>\n<\/tr>\n<tr class=\"row-7 odd\">\n\t<td class=\"column-1\">Thomas Cook Voyages<\/td><td class=\"column-2\">10 all aquitaine<\/td><td class=\"column-3\">05.53.35.95.00<\/td><td class=\"column-4\">perigueux@thomascook.fr<\/td>\n<\/tr>\n<\/tbody>\n<\/table>\n<!-- #tablepress-7 from cache -->\n\n<\/div><h2 class=\"tabtitle\">LIBOURNE (33)<\/h2>\n<div class=\"tabcontent\">\n\n\n<table id=\"tablepress-8\" class=\"tablepress tablepress-id-8\">\n<thead>\n<tr class=\"row-1 odd\">\n\t<th class=\"column-1\">Agence<\/th><th class=\"column-2\">Adresse<\/th><th class=\"column-3\">T\u00e9l<\/th><th class=\"column-4\">Mail<\/th>\n<\/tr>\n<\/thead>\n<tbody class=\"row-hover\">\n<tr class=\"row-2 even\">\n\t<td class=\"column-1\">Thomas Cook (B Diffusion Voyages)<\/td><td class=\"column-2\"><\/td><td class=\"column-3\">05.57.55.43.85<\/td><td class=\"column-4\"><\/td>\n<\/tr>\n<\/tbody>\n<\/table>\n<!-- #tablepress-8 from cache -->\n\n<\/div><h2 class=\"tabtitle\">PINEUILH (33)<\/h2>\n<div class=\"tabcontent\">\n\n\n<table id=\"tablepress-9\" class=\"tablepress tablepress-id-9\">\n<thead>\n<tr class=\"row-1 odd\">\n\t<th class=\"column-1\">Agence<\/th><th class=\"column-2\">Adresse<\/th><th class=\"column-3\">T\u00e9l<\/th><th class=\"column-4\">Mail<\/th>\n<\/tr>\n<\/thead>\n<tbody class=\"row-hover\">\n<tr class=\"row-2 even\">\n\t<td class=\"column-1\">Vac'Dor<\/td><td class=\"column-2\">4bis rue Andr\u00e9 Marie Amp\u00e8re, ZAE l\u2019Arbalestrier<\/td><td class=\"column-3\">05.57.41.92.93<\/td><td class=\"column-4\">voyages@vacdor.com<\/td>\n<\/tr>\n<\/tbody>\n<\/table>\n<!-- #tablepress-9 from cache -->\n\n<\/div><h2 class=\"tabtitle\">AGEN (47)<\/h2>\n<div class=\"tabcontent\">\n\n\n<table id=\"tablepress-10\" class=\"tablepress tablepress-id-10\">\n<thead>\n<tr class=\"row-1 odd\">\n\t<th class=\"column-1\">Agence<\/th><th class=\"column-2\">Adresse<\/th><th class=\"column-3\">T\u00e9l<\/th><th class=\"column-4\">Mail<\/th>\n<\/tr>\n<\/thead>\n<tbody class=\"row-hover\">\n<tr class=\"row-2 even\">\n\t<td class=\"column-1\">Nouvelles fronti\u00e8res<\/td><td class=\"column-2\"><\/td><td class=\"column-3\">05.24.29.21.90<\/td><td class=\"column-4\"><\/td>\n<\/tr>\n<tr class=\"row-3 odd\">\n\t<td class=\"column-1\">Agence de voyage Pascal - FRAM<\/td><td class=\"column-2\"><\/td><td class=\"column-3\">05.53.98.50.50<\/td><td class=\"column-4\"><\/td>\n<\/tr>\n<tr class=\"row-4 even\">\n\t<td class=\"column-1\">Se\u0301lectour Afat \"Agena Voyages\"<\/td><td class=\"column-2\"><\/td><td class=\"column-3\">05.53.66.62.42<\/td><td class=\"column-4\"><\/td>\n<\/tr>\n<\/tbody>\n<\/table>\n<!-- #tablepress-10 from cache -->\n<p>\n<\/div><h2 class=\"tabtitle\">VILLENEUVE-SUR-LOT (47)<\/h2>\n<div class=\"tabcontent\">\n<br \/>\n\n<table id=\"tablepress-11\" class=\"tablepress tablepress-id-11\">\n<thead>\n<tr class=\"row-1 odd\">\n\t<th class=\"column-1\">Agence<\/th><th class=\"column-2\">Adresse<\/th><th class=\"column-3\">T\u00e9l<\/th><th class=\"column-4\">Mail<\/th>\n<\/tr>\n<\/thead>\n<tbody class=\"row-hover\">\n<tr class=\"row-2 even\">\n\t<td class=\"column-1\">E-Leclerc voyages<\/td><td class=\"column-2\"><\/td><td class=\"column-3\">05.53.01.58.47<\/td><td class=\"column-4\"><\/td>\n<\/tr>\n<tr class=\"row-3 odd\">\n\t<td class=\"column-1\">Ambassade FRAM Fitour<\/td><td class=\"column-2\"><\/td><td class=\"column-3\">05.53.36.24.24<\/td><td class=\"column-4\"><\/td>\n<\/tr>\n<tr class=\"row-4 even\">\n\t<td class=\"column-1\">Se\u0301lectour Afat Occitania<br \/>\n<\/td><td class=\"column-2\"><\/td><td class=\"column-3\">05.53.70.98.33<\/td><td class=\"column-4\"><\/td>\n<\/tr>\n<\/tbody>\n<\/table>\n<!-- #tablepress-11 from cache --><br \/>\n<\/div><\/div>[\/vc_column_text][\/vc_column][\/vc_row][vc_row][vc_column offset=&#8221;vc_hidden-lg&#8221;][vc_column_text]<\/p>\n<h3>BERGERAC<\/h3>\n<p>E-Leclerc voyages<br \/>\n150 route Bordeaux<br \/>\n05.53.63.68.71<br \/>\nleclerc.voyages.bergerac@wanadoo.fr<\/p>\n<p>Ambassade FRAM Fitour<br \/>\nPlace des 2 Conils<br \/>\n05.53.22.23.23<br \/>\nbergerac@fitour-voyages.com<\/p>\n<p>Nouvelles Fronti\u00e8res<br \/>\n6 rue Carmes<br \/>\n05.53.58.55.81<br \/>\nbergerac.nf@nouvelles-fronti\u00e8res.fr<\/p>\n<p>R\u00eaves &amp; voyages,<br \/>\n107 rue Neuve d&#8217;Argenson<br \/>\n05.53.57.08.04<br \/>\nrevesvoyages@orange.fr<\/p>\n<p>Thomas Cook<br \/>\n37 Grand Rue<br \/>\n05.53.23.55.00<br \/>\nbergerac@thomascook.fr<\/p>\n<h3>PERIGUEUX<\/h3>\n<p>Ambassade FRAM &#8220;Destination Globe&#8221;<br \/>\n26 rue Pr\u00e9s Wilson<br \/>\n05.53.53.66.31<br \/>\ndestination.globe@wanadoo.fr<\/p>\n<p>E-Leclerc voyages<br \/>\n05.53.35.75.77<\/p>\n<p>Havas voyages couleur soleil<br \/>\n3 rue r\u00e9publique<br \/>\n05.53.08.49.11<br \/>\ncouleursoleil24@orange.fr<\/p>\n<p>Nouvelles fronti\u00e8res<br \/>\n13 cours montaigne<br \/>\n05.53.05.17.85<br \/>\nperigueux.nf@nouvelle-fronti\u00e8res.fr<\/p>\n<p>Jet Tours cap travel<br \/>\n12 place Andr\u00e9 Maurois<br \/>\n05.53.02.69.10<br \/>\ncaptravel@wanadoo.fr<\/p>\n<p>Thomas Cook Voyages<br \/>\n10 all aquitaine<br \/>\n05.53.35.95.00<br \/>\nperigueux@thomascook.fr<\/p>\n<h3>LIBOURNE<\/h3>\n<p>Thomas Cook (B Diffusion Voyages)<br \/>\n05.57.55.43.85<\/p>\n<h3>PINEUILH<\/h3>\n<p>Vac&#8217;Dor Centre commercial<br \/>\nGRAND PINEUILH &#8211;<br \/>\n80 Av. de la R\u00e9sistance<br \/>\n05.57.41.92.93<br \/>\nvoyages@vacdor.com<\/p>\n<h3>AGEN<\/h3>\n<p>Nouvelles fronti\u00e8res<br \/>\n05.24.29.21.90<\/p>\n<p>Agence de voyage Pascal &#8211; FRAM<br \/>\n05.53.98.50.50<\/p>\n<p>Se\u0301lectour Afat &#8220;Agena Voyages&#8221;<br \/>\n05.53.66.62.42<\/p>\n<h3>VILLENEUVE SUR LOT<\/h3>\n<p>E-Leclerc voyages<br \/>\n05.53.01.58.47<\/p>\n<p>Ambassade FRAM Fitour<br \/>\n05.53.36.24.24<\/p>\n<p>Se\u0301lectour Afat Occitania<br \/>\n05.53.70.98.33[\/vc_column_text][\/vc_column][\/vc_row]<\/p>\n","protected":false},"excerpt":{"rendered":"<p>[vc_row el_class=&#8221;agencevoyage&#8221;][vc_column offset=&#8221;vc_hidden-md vc_hidden-sm vc_hidden-xs&#8221;][vc_column_text] [\/vc_column_text][\/vc_column][\/vc_row][vc_row][vc_column offset=&#8221;vc_hidden-lg&#8221;][vc_column_text] BERGERAC E-Leclerc voyages 150 route Bordeaux 05.53.63.68.71 leclerc.voyages.bergerac@wanadoo.fr Ambassade FRAM Fitour Place des 2 Conils 05.53.22.23.23 bergerac@fitour-voyages.com Nouvelles Fronti\u00e8res 6 rue Carmes 05.53.58.55.81 bergerac.nf@nouvelles-fronti\u00e8res.fr R\u00eaves &amp; voyages, 107 rue Neuve d&#8217;Argenson 05.53.57.08.04 revesvoyages@orange.fr Thomas Cook 37 Grand Rue 05.53.23.55.00 bergerac@thomascook.fr PERIGUEUX Ambassade FRAM &#8220;Destination Globe&#8221; 26 rue Pr\u00e9s [&hellip;]<\/p>\n","protected":false},"author":2,"featured_media":0,"parent":0,"menu_order":0,"comment_status":"open","ping_status":"open","template":"","meta":{"footnotes":""},"class_list":["post-1253","page","type-page","status-publish","hentry"],"yoast_head":"<!-- This site is optimized with the Yoast SEO plugin v27.4 - https:\/\/yoast.com\/product\/yoast-seo-wordpress\/ -->\n<title>Travel agencies - A\u00e9roport Bergerac Dordogne P\u00e9rigord<\/title>\n<meta name=\"description\" content=\"Site officiel de l&#039;A\u00e9roport Bergerac Dordogne P\u00e9rigord. Voyage, billets d&#039;avion, horaires vols, compagnies a\u00e9riennes, acc\u00e8s et r\u00e9servation parking.\" \/>\n<meta name=\"robots\" content=\"index, follow, max-snippet:-1, max-image-preview:large, max-video-preview:-1\" \/>\n<link rel=\"canonical\" href=\"https:\/\/www.bergerac.aeroport.fr\/en\/travel-agencies\/\" \/>\n<meta property=\"og:locale\" content=\"en_US\" \/>\n<meta property=\"og:type\" content=\"article\" \/>\n<meta property=\"og:title\" content=\"Travel agencies - A\u00e9roport Bergerac Dordogne P\u00e9rigord\" \/>\n<meta property=\"og:description\" content=\"Site officiel de l&#039;A\u00e9roport Bergerac Dordogne P\u00e9rigord. Voyage, billets d&#039;avion, horaires vols, compagnies a\u00e9riennes, acc\u00e8s et r\u00e9servation parking.\" \/>\n<meta property=\"og:url\" content=\"https:\/\/www.bergerac.aeroport.fr\/en\/travel-agencies\/\" \/>\n<meta property=\"og:site_name\" content=\"A\u00e9roport Bergerac Dordogne P\u00e9rigord\" \/>\n<meta property=\"article:publisher\" content=\"https:\/\/www.facebook.com\/aeroportbergerac.dordogneperigord\" \/>\n<meta property=\"article:modified_time\" content=\"2019-11-04T09:00:56+00:00\" \/>\n<meta name=\"twitter:label1\" content=\"Est. reading time\" \/>\n\t<meta name=\"twitter:data1\" content=\"1 minute\" \/>\n<script type=\"application\/ld+json\" class=\"yoast-schema-graph\">{\"@context\":\"https:\\\/\\\/schema.org\",\"@graph\":[{\"@type\":\"WebPage\",\"@id\":\"https:\\\/\\\/www.bergerac.aeroport.fr\\\/en\\\/travel-agencies\\\/\",\"url\":\"https:\\\/\\\/www.bergerac.aeroport.fr\\\/en\\\/travel-agencies\\\/\",\"name\":\"Travel agencies - A\u00e9roport Bergerac Dordogne P\u00e9rigord\",\"isPartOf\":{\"@id\":\"https:\\\/\\\/www.bergerac.aeroport.fr\\\/#website\"},\"datePublished\":\"2014-04-22T14:55:49+00:00\",\"dateModified\":\"2019-11-04T09:00:56+00:00\",\"description\":\"Site officiel de l'A\u00e9roport Bergerac Dordogne P\u00e9rigord. Voyage, billets d'avion, horaires vols, compagnies a\u00e9riennes, acc\u00e8s et r\u00e9servation parking.\",\"breadcrumb\":{\"@id\":\"https:\\\/\\\/www.bergerac.aeroport.fr\\\/en\\\/travel-agencies\\\/#breadcrumb\"},\"inLanguage\":\"en-US\",\"potentialAction\":[{\"@type\":\"ReadAction\",\"target\":[\"https:\\\/\\\/www.bergerac.aeroport.fr\\\/en\\\/travel-agencies\\\/\"]}]},{\"@type\":\"BreadcrumbList\",\"@id\":\"https:\\\/\\\/www.bergerac.aeroport.fr\\\/en\\\/travel-agencies\\\/#breadcrumb\",\"itemListElement\":[{\"@type\":\"ListItem\",\"position\":1,\"name\":\"Home\",\"item\":\"https:\\\/\\\/www.bergerac.aeroport.fr\\\/en\\\/\"},{\"@type\":\"ListItem\",\"position\":2,\"name\":\"Travel agencies\"}]},{\"@type\":\"WebSite\",\"@id\":\"https:\\\/\\\/www.bergerac.aeroport.fr\\\/#website\",\"url\":\"https:\\\/\\\/www.bergerac.aeroport.fr\\\/\",\"name\":\"A\u00e9roport Bergerac Dordogne P\u00e9rigord\",\"description\":\"\",\"potentialAction\":[{\"@type\":\"SearchAction\",\"target\":{\"@type\":\"EntryPoint\",\"urlTemplate\":\"https:\\\/\\\/www.bergerac.aeroport.fr\\\/?s={search_term_string}\"},\"query-input\":{\"@type\":\"PropertyValueSpecification\",\"valueRequired\":true,\"valueName\":\"search_term_string\"}}],\"inLanguage\":\"en-US\"}]}<\/script>\n<!-- \/ Yoast SEO plugin. -->","yoast_head_json":{"title":"Travel agencies - A\u00e9roport Bergerac Dordogne P\u00e9rigord","description":"Site officiel de l'A\u00e9roport Bergerac Dordogne P\u00e9rigord. Voyage, billets d'avion, horaires vols, compagnies a\u00e9riennes, acc\u00e8s et r\u00e9servation parking.","robots":{"index":"index","follow":"follow","max-snippet":"max-snippet:-1","max-image-preview":"max-image-preview:large","max-video-preview":"max-video-preview:-1"},"canonical":"https:\/\/www.bergerac.aeroport.fr\/en\/travel-agencies\/","og_locale":"en_US","og_type":"article","og_title":"Travel agencies - A\u00e9roport Bergerac Dordogne P\u00e9rigord","og_description":"Site officiel de l'A\u00e9roport Bergerac Dordogne P\u00e9rigord. Voyage, billets d'avion, horaires vols, compagnies a\u00e9riennes, acc\u00e8s et r\u00e9servation parking.","og_url":"https:\/\/www.bergerac.aeroport.fr\/en\/travel-agencies\/","og_site_name":"A\u00e9roport Bergerac Dordogne P\u00e9rigord","article_publisher":"https:\/\/www.facebook.com\/aeroportbergerac.dordogneperigord","article_modified_time":"2019-11-04T09:00:56+00:00","twitter_misc":{"Est. reading time":"1 minute"},"schema":{"@context":"https:\/\/schema.org","@graph":[{"@type":"WebPage","@id":"https:\/\/www.bergerac.aeroport.fr\/en\/travel-agencies\/","url":"https:\/\/www.bergerac.aeroport.fr\/en\/travel-agencies\/","name":"Travel agencies - A\u00e9roport Bergerac Dordogne P\u00e9rigord","isPartOf":{"@id":"https:\/\/www.bergerac.aeroport.fr\/#website"},"datePublished":"2014-04-22T14:55:49+00:00","dateModified":"2019-11-04T09:00:56+00:00","description":"Site officiel de l'A\u00e9roport Bergerac Dordogne P\u00e9rigord. Voyage, billets d'avion, horaires vols, compagnies a\u00e9riennes, acc\u00e8s et r\u00e9servation parking.","breadcrumb":{"@id":"https:\/\/www.bergerac.aeroport.fr\/en\/travel-agencies\/#breadcrumb"},"inLanguage":"en-US","potentialAction":[{"@type":"ReadAction","target":["https:\/\/www.bergerac.aeroport.fr\/en\/travel-agencies\/"]}]},{"@type":"BreadcrumbList","@id":"https:\/\/www.bergerac.aeroport.fr\/en\/travel-agencies\/#breadcrumb","itemListElement":[{"@type":"ListItem","position":1,"name":"Home","item":"https:\/\/www.bergerac.aeroport.fr\/en\/"},{"@type":"ListItem","position":2,"name":"Travel agencies"}]},{"@type":"WebSite","@id":"https:\/\/www.bergerac.aeroport.fr\/#website","url":"https:\/\/www.bergerac.aeroport.fr\/","name":"A\u00e9roport Bergerac Dordogne P\u00e9rigord","description":"","potentialAction":[{"@type":"SearchAction","target":{"@type":"EntryPoint","urlTemplate":"https:\/\/www.bergerac.aeroport.fr\/?s={search_term_string}"},"query-input":{"@type":"PropertyValueSpecification","valueRequired":true,"valueName":"search_term_string"}}],"inLanguage":"en-US"}]}},"_links":{"self":[{"href":"https:\/\/www.bergerac.aeroport.fr\/en\/wp-json\/wp\/v2\/pages\/1253\/"}],"collection":[{"href":"https:\/\/www.bergerac.aeroport.fr\/en\/wp-json\/wp\/v2\/pages\/"}],"about":[{"href":"https:\/\/www.bergerac.aeroport.fr\/en\/wp-json\/wp\/v2\/types\/page\/"}],"author":[{"embeddable":true,"href":"https:\/\/www.bergerac.aeroport.fr\/en\/wp-json\/wp\/v2\/users\/2\/"}],"replies":[{"embeddable":true,"href":"https:\/\/www.bergerac.aeroport.fr\/en\/wp-json\/wp\/v2\/comments\/?post=1253"}],"version-history":[{"count":13,"href":"https:\/\/www.bergerac.aeroport.fr\/en\/wp-json\/wp\/v2\/pages\/1253\/revisions\/"}],"predecessor-version":[{"id":4664,"href":"https:\/\/www.bergerac.aeroport.fr\/en\/wp-json\/wp\/v2\/pages\/1253\/revisions\/4664\/"}],"wp:attachment":[{"href":"https:\/\/www.bergerac.aeroport.fr\/en\/wp-json\/wp\/v2\/media\/?parent=1253"}],"curies":[{"name":"wp","href":"https:\/\/api.w.org\/{rel}","templated":true}]}}