{"id":1256,"date":"2014-04-22T16:13:34","date_gmt":"2014-04-22T15:13:34","guid":{"rendered":"https:\/\/www.bergerac.aeroport.fr\/plan-dacces-2\/"},"modified":"2017-04-12T16:11:42","modified_gmt":"2017-04-12T15:11:42","slug":"access","status":"publish","type":"page","link":"https:\/\/www.bergerac.aeroport.fr\/en\/access\/","title":{"rendered":"Access"},"content":{"rendered":"<p><a href=\"https:\/\/www.bergerac.aeroport.fr\/wp-content\/uploads\/2014\/04\/plan_access.png\"><img fetchpriority=\"high\" decoding=\"async\" class=\"alignnone wp-image-1101 size-full\" src=\"https:\/\/www.bergerac.aeroport.fr\/wp-content\/uploads\/2014\/04\/plan_access.png\" alt=\"Plan d'acc\u00e8s\" width=\"600\" height=\"426\" srcset=\"https:\/\/www.bergerac.aeroport.fr\/wp-content\/uploads\/2014\/04\/plan_access.png 600w, https:\/\/www.bergerac.aeroport.fr\/wp-content\/uploads\/2014\/04\/plan_access-300x213.png 300w\" sizes=\"(max-width: 600px) 100vw, 600px\" \/><\/a><\/p>\n<p><iframe style=\"border: 0;\" src=\"https:\/\/www.google.com\/maps\/embed?pb=!1m14!1m8!1m3!1d2829.858659860375!2d0.5205559999999999!3d44.824444!3m2!1i1024!2i768!4f13.1!3m3!1m2!1s0x12aada3a10a30e9f%3A0xca27ff6bf4f29a4!2sA%C3%A9roport+de+Bergerac+Dordogne+P%C3%A9rigord!5e0!3m2!1sfr!2sfr!4v1399971046223\" width=\"800\" height=\"600\" frameborder=\"0\"><\/iframe><\/p>\n","protected":false},"excerpt":{"rendered":"","protected":false},"author":2,"featured_media":0,"parent":0,"menu_order":0,"comment_status":"open","ping_status":"open","template":"","meta":{"footnotes":""},"class_list":["post-1256","page","type-page","status-publish","hentry"],"yoast_head":"<!-- This site is optimized with the Yoast SEO plugin v27.4 - https:\/\/yoast.com\/product\/yoast-seo-wordpress\/ -->\n<title>Access - A\u00e9roport Bergerac Dordogne P\u00e9rigord<\/title>\n<meta name=\"description\" content=\"Site officiel de l&#039;A\u00e9roport Bergerac Dordogne P\u00e9rigord. Voyage, billets d&#039;avion, horaires vols, compagnies a\u00e9riennes, acc\u00e8s et r\u00e9servation parking.\" \/>\n<meta name=\"robots\" content=\"index, follow, max-snippet:-1, max-image-preview:large, max-video-preview:-1\" \/>\n<link rel=\"canonical\" href=\"https:\/\/www.bergerac.aeroport.fr\/en\/access\/\" \/>\n<meta property=\"og:locale\" content=\"en_US\" \/>\n<meta property=\"og:type\" content=\"article\" \/>\n<meta property=\"og:title\" content=\"Access - A\u00e9roport Bergerac Dordogne P\u00e9rigord\" \/>\n<meta property=\"og:description\" content=\"Site officiel de l&#039;A\u00e9roport Bergerac Dordogne P\u00e9rigord. Voyage, billets d&#039;avion, horaires vols, compagnies a\u00e9riennes, acc\u00e8s et r\u00e9servation parking.\" \/>\n<meta property=\"og:url\" content=\"https:\/\/www.bergerac.aeroport.fr\/en\/access\/\" \/>\n<meta property=\"og:site_name\" content=\"A\u00e9roport Bergerac Dordogne P\u00e9rigord\" \/>\n<meta property=\"article:publisher\" content=\"https:\/\/www.facebook.com\/aeroportbergerac.dordogneperigord\" \/>\n<meta property=\"article:modified_time\" content=\"2017-04-12T15:11:42+00:00\" \/>\n<meta property=\"og:image\" content=\"https:\/\/www.bergerac.aeroport.fr\/wp-content\/uploads\/2014\/04\/plan_access.png\" \/>\n<script type=\"application\/ld+json\" class=\"yoast-schema-graph\">{\"@context\":\"https:\\\/\\\/schema.org\",\"@graph\":[{\"@type\":\"WebPage\",\"@id\":\"https:\\\/\\\/www.bergerac.aeroport.fr\\\/en\\\/access\\\/\",\"url\":\"https:\\\/\\\/www.bergerac.aeroport.fr\\\/en\\\/access\\\/\",\"name\":\"Access - A\u00e9roport Bergerac Dordogne P\u00e9rigord\",\"isPartOf\":{\"@id\":\"https:\\\/\\\/www.bergerac.aeroport.fr\\\/#website\"},\"primaryImageOfPage\":{\"@id\":\"https:\\\/\\\/www.bergerac.aeroport.fr\\\/en\\\/access\\\/#primaryimage\"},\"image\":{\"@id\":\"https:\\\/\\\/www.bergerac.aeroport.fr\\\/en\\\/access\\\/#primaryimage\"},\"thumbnailUrl\":\"https:\\\/\\\/www.bergerac.aeroport.fr\\\/wp-content\\\/uploads\\\/2014\\\/04\\\/plan_access.png\",\"datePublished\":\"2014-04-22T15:13:34+00:00\",\"dateModified\":\"2017-04-12T15:11:42+00:00\",\"description\":\"Site officiel de l'A\u00e9roport Bergerac Dordogne P\u00e9rigord. Voyage, billets d'avion, horaires vols, compagnies a\u00e9riennes, acc\u00e8s et r\u00e9servation parking.\",\"breadcrumb\":{\"@id\":\"https:\\\/\\\/www.bergerac.aeroport.fr\\\/en\\\/access\\\/#breadcrumb\"},\"inLanguage\":\"en-US\",\"potentialAction\":[{\"@type\":\"ReadAction\",\"target\":[\"https:\\\/\\\/www.bergerac.aeroport.fr\\\/en\\\/access\\\/\"]}]},{\"@type\":\"ImageObject\",\"inLanguage\":\"en-US\",\"@id\":\"https:\\\/\\\/www.bergerac.aeroport.fr\\\/en\\\/access\\\/#primaryimage\",\"url\":\"https:\\\/\\\/www.bergerac.aeroport.fr\\\/wp-content\\\/uploads\\\/2014\\\/04\\\/plan_access.png\",\"contentUrl\":\"https:\\\/\\\/www.bergerac.aeroport.fr\\\/wp-content\\\/uploads\\\/2014\\\/04\\\/plan_access.png\"},{\"@type\":\"BreadcrumbList\",\"@id\":\"https:\\\/\\\/www.bergerac.aeroport.fr\\\/en\\\/access\\\/#breadcrumb\",\"itemListElement\":[{\"@type\":\"ListItem\",\"position\":1,\"name\":\"Home\",\"item\":\"https:\\\/\\\/www.bergerac.aeroport.fr\\\/en\\\/\"},{\"@type\":\"ListItem\",\"position\":2,\"name\":\"Access\"}]},{\"@type\":\"WebSite\",\"@id\":\"https:\\\/\\\/www.bergerac.aeroport.fr\\\/#website\",\"url\":\"https:\\\/\\\/www.bergerac.aeroport.fr\\\/\",\"name\":\"A\u00e9roport Bergerac Dordogne P\u00e9rigord\",\"description\":\"\",\"potentialAction\":[{\"@type\":\"SearchAction\",\"target\":{\"@type\":\"EntryPoint\",\"urlTemplate\":\"https:\\\/\\\/www.bergerac.aeroport.fr\\\/?s={search_term_string}\"},\"query-input\":{\"@type\":\"PropertyValueSpecification\",\"valueRequired\":true,\"valueName\":\"search_term_string\"}}],\"inLanguage\":\"en-US\"}]}<\/script>\n<!-- \/ Yoast SEO plugin. -->","yoast_head_json":{"title":"Access - A\u00e9roport Bergerac Dordogne P\u00e9rigord","description":"Site officiel de l'A\u00e9roport Bergerac Dordogne P\u00e9rigord. Voyage, billets d'avion, horaires vols, compagnies a\u00e9riennes, acc\u00e8s et r\u00e9servation parking.","robots":{"index":"index","follow":"follow","max-snippet":"max-snippet:-1","max-image-preview":"max-image-preview:large","max-video-preview":"max-video-preview:-1"},"canonical":"https:\/\/www.bergerac.aeroport.fr\/en\/access\/","og_locale":"en_US","og_type":"article","og_title":"Access - A\u00e9roport Bergerac Dordogne P\u00e9rigord","og_description":"Site officiel de l'A\u00e9roport Bergerac Dordogne P\u00e9rigord. Voyage, billets d'avion, horaires vols, compagnies a\u00e9riennes, acc\u00e8s et r\u00e9servation parking.","og_url":"https:\/\/www.bergerac.aeroport.fr\/en\/access\/","og_site_name":"A\u00e9roport Bergerac Dordogne P\u00e9rigord","article_publisher":"https:\/\/www.facebook.com\/aeroportbergerac.dordogneperigord","article_modified_time":"2017-04-12T15:11:42+00:00","og_image":[{"url":"https:\/\/www.bergerac.aeroport.fr\/wp-content\/uploads\/2014\/04\/plan_access.png","type":"","width":"","height":""}],"schema":{"@context":"https:\/\/schema.org","@graph":[{"@type":"WebPage","@id":"https:\/\/www.bergerac.aeroport.fr\/en\/access\/","url":"https:\/\/www.bergerac.aeroport.fr\/en\/access\/","name":"Access - A\u00e9roport Bergerac Dordogne P\u00e9rigord","isPartOf":{"@id":"https:\/\/www.bergerac.aeroport.fr\/#website"},"primaryImageOfPage":{"@id":"https:\/\/www.bergerac.aeroport.fr\/en\/access\/#primaryimage"},"image":{"@id":"https:\/\/www.bergerac.aeroport.fr\/en\/access\/#primaryimage"},"thumbnailUrl":"https:\/\/www.bergerac.aeroport.fr\/wp-content\/uploads\/2014\/04\/plan_access.png","datePublished":"2014-04-22T15:13:34+00:00","dateModified":"2017-04-12T15:11:42+00:00","description":"Site officiel de l'A\u00e9roport Bergerac Dordogne P\u00e9rigord. Voyage, billets d'avion, horaires vols, compagnies a\u00e9riennes, acc\u00e8s et r\u00e9servation parking.","breadcrumb":{"@id":"https:\/\/www.bergerac.aeroport.fr\/en\/access\/#breadcrumb"},"inLanguage":"en-US","potentialAction":[{"@type":"ReadAction","target":["https:\/\/www.bergerac.aeroport.fr\/en\/access\/"]}]},{"@type":"ImageObject","inLanguage":"en-US","@id":"https:\/\/www.bergerac.aeroport.fr\/en\/access\/#primaryimage","url":"https:\/\/www.bergerac.aeroport.fr\/wp-content\/uploads\/2014\/04\/plan_access.png","contentUrl":"https:\/\/www.bergerac.aeroport.fr\/wp-content\/uploads\/2014\/04\/plan_access.png"},{"@type":"BreadcrumbList","@id":"https:\/\/www.bergerac.aeroport.fr\/en\/access\/#breadcrumb","itemListElement":[{"@type":"ListItem","position":1,"name":"Home","item":"https:\/\/www.bergerac.aeroport.fr\/en\/"},{"@type":"ListItem","position":2,"name":"Access"}]},{"@type":"WebSite","@id":"https:\/\/www.bergerac.aeroport.fr\/#website","url":"https:\/\/www.bergerac.aeroport.fr\/","name":"A\u00e9roport Bergerac Dordogne P\u00e9rigord","description":"","potentialAction":[{"@type":"SearchAction","target":{"@type":"EntryPoint","urlTemplate":"https:\/\/www.bergerac.aeroport.fr\/?s={search_term_string}"},"query-input":{"@type":"PropertyValueSpecification","valueRequired":true,"valueName":"search_term_string"}}],"inLanguage":"en-US"}]}},"_links":{"self":[{"href":"https:\/\/www.bergerac.aeroport.fr\/en\/wp-json\/wp\/v2\/pages\/1256\/"}],"collection":[{"href":"https:\/\/www.bergerac.aeroport.fr\/en\/wp-json\/wp\/v2\/pages\/"}],"about":[{"href":"https:\/\/www.bergerac.aeroport.fr\/en\/wp-json\/wp\/v2\/types\/page\/"}],"author":[{"embeddable":true,"href":"https:\/\/www.bergerac.aeroport.fr\/en\/wp-json\/wp\/v2\/users\/2\/"}],"replies":[{"embeddable":true,"href":"https:\/\/www.bergerac.aeroport.fr\/en\/wp-json\/wp\/v2\/comments\/?post=1256"}],"version-history":[{"count":3,"href":"https:\/\/www.bergerac.aeroport.fr\/en\/wp-json\/wp\/v2\/pages\/1256\/revisions\/"}],"predecessor-version":[{"id":3531,"href":"https:\/\/www.bergerac.aeroport.fr\/en\/wp-json\/wp\/v2\/pages\/1256\/revisions\/3531\/"}],"wp:attachment":[{"href":"https:\/\/www.bergerac.aeroport.fr\/en\/wp-json\/wp\/v2\/media\/?parent=1256"}],"curies":[{"name":"wp","href":"https:\/\/api.w.org\/{rel}","templated":true}]}}