{"id":1258,"date":"2014-04-22T16:13:49","date_gmt":"2014-04-22T15:13:49","guid":{"rendered":"https:\/\/www.bergerac.aeroport.fr\/plan-laeroport-2\/"},"modified":"2017-04-12T16:18:17","modified_gmt":"2017-04-12T15:18:17","slug":"airport-map","status":"publish","type":"page","link":"https:\/\/www.bergerac.aeroport.fr\/en\/airport-map\/","title":{"rendered":"Airport map"},"content":{"rendered":"<p><a href=\"https:\/\/www.bergerac.aeroport.fr\/wp-content\/uploads\/2014\/04\/plan_aeroport.png\"><img fetchpriority=\"high\" decoding=\"async\" class=\"size-full wp-image-1104 aligncenter\" src=\"https:\/\/www.bergerac.aeroport.fr\/wp-content\/uploads\/2014\/04\/plan_aeroport.png\" alt=\"Plan de l'a\u00e9roport\" width=\"431\" height=\"763\" srcset=\"https:\/\/www.bergerac.aeroport.fr\/wp-content\/uploads\/2014\/04\/plan_aeroport.png 431w, https:\/\/www.bergerac.aeroport.fr\/wp-content\/uploads\/2014\/04\/plan_aeroport-169x300.png 169w\" sizes=\"(max-width: 431px) 100vw, 431px\" \/><\/a><\/p>\n","protected":false},"excerpt":{"rendered":"","protected":false},"author":2,"featured_media":0,"parent":0,"menu_order":0,"comment_status":"open","ping_status":"open","template":"","meta":{"footnotes":""},"class_list":["post-1258","page","type-page","status-publish","hentry"],"yoast_head":"<!-- This site is optimized with the Yoast SEO plugin v27.4 - https:\/\/yoast.com\/product\/yoast-seo-wordpress\/ -->\n<title>Airport map - A\u00e9roport Bergerac Dordogne P\u00e9rigord<\/title>\n<meta name=\"description\" content=\"Site officiel de l&#039;A\u00e9roport Bergerac Dordogne P\u00e9rigord. Voyage, billets d&#039;avion, horaires vols, compagnies a\u00e9riennes, acc\u00e8s et r\u00e9servation parking.\" \/>\n<meta name=\"robots\" content=\"index, follow, max-snippet:-1, max-image-preview:large, max-video-preview:-1\" \/>\n<link rel=\"canonical\" href=\"https:\/\/www.bergerac.aeroport.fr\/en\/airport-map\/\" \/>\n<meta property=\"og:locale\" content=\"en_US\" \/>\n<meta property=\"og:type\" content=\"article\" \/>\n<meta property=\"og:title\" content=\"Airport map - A\u00e9roport Bergerac Dordogne P\u00e9rigord\" \/>\n<meta property=\"og:description\" content=\"Site officiel de l&#039;A\u00e9roport Bergerac Dordogne P\u00e9rigord. Voyage, billets d&#039;avion, horaires vols, compagnies a\u00e9riennes, acc\u00e8s et r\u00e9servation parking.\" \/>\n<meta property=\"og:url\" content=\"https:\/\/www.bergerac.aeroport.fr\/en\/airport-map\/\" \/>\n<meta property=\"og:site_name\" content=\"A\u00e9roport Bergerac Dordogne P\u00e9rigord\" \/>\n<meta property=\"article:publisher\" content=\"https:\/\/www.facebook.com\/aeroportbergerac.dordogneperigord\" \/>\n<meta property=\"article:modified_time\" content=\"2017-04-12T15:18:17+00:00\" \/>\n<meta property=\"og:image\" content=\"https:\/\/www.bergerac.aeroport.fr\/wp-content\/uploads\/2014\/04\/plan_aeroport.png\" \/>\n<script type=\"application\/ld+json\" class=\"yoast-schema-graph\">{\"@context\":\"https:\\\/\\\/schema.org\",\"@graph\":[{\"@type\":\"WebPage\",\"@id\":\"https:\\\/\\\/www.bergerac.aeroport.fr\\\/en\\\/airport-map\\\/\",\"url\":\"https:\\\/\\\/www.bergerac.aeroport.fr\\\/en\\\/airport-map\\\/\",\"name\":\"Airport map - A\u00e9roport Bergerac Dordogne P\u00e9rigord\",\"isPartOf\":{\"@id\":\"https:\\\/\\\/www.bergerac.aeroport.fr\\\/#website\"},\"primaryImageOfPage\":{\"@id\":\"https:\\\/\\\/www.bergerac.aeroport.fr\\\/en\\\/airport-map\\\/#primaryimage\"},\"image\":{\"@id\":\"https:\\\/\\\/www.bergerac.aeroport.fr\\\/en\\\/airport-map\\\/#primaryimage\"},\"thumbnailUrl\":\"https:\\\/\\\/www.bergerac.aeroport.fr\\\/wp-content\\\/uploads\\\/2014\\\/04\\\/plan_aeroport.png\",\"datePublished\":\"2014-04-22T15:13:49+00:00\",\"dateModified\":\"2017-04-12T15:18:17+00:00\",\"description\":\"Site officiel de l'A\u00e9roport Bergerac Dordogne P\u00e9rigord. Voyage, billets d'avion, horaires vols, compagnies a\u00e9riennes, acc\u00e8s et r\u00e9servation parking.\",\"breadcrumb\":{\"@id\":\"https:\\\/\\\/www.bergerac.aeroport.fr\\\/en\\\/airport-map\\\/#breadcrumb\"},\"inLanguage\":\"en-US\",\"potentialAction\":[{\"@type\":\"ReadAction\",\"target\":[\"https:\\\/\\\/www.bergerac.aeroport.fr\\\/en\\\/airport-map\\\/\"]}]},{\"@type\":\"ImageObject\",\"inLanguage\":\"en-US\",\"@id\":\"https:\\\/\\\/www.bergerac.aeroport.fr\\\/en\\\/airport-map\\\/#primaryimage\",\"url\":\"https:\\\/\\\/www.bergerac.aeroport.fr\\\/wp-content\\\/uploads\\\/2014\\\/04\\\/plan_aeroport.png\",\"contentUrl\":\"https:\\\/\\\/www.bergerac.aeroport.fr\\\/wp-content\\\/uploads\\\/2014\\\/04\\\/plan_aeroport.png\"},{\"@type\":\"BreadcrumbList\",\"@id\":\"https:\\\/\\\/www.bergerac.aeroport.fr\\\/en\\\/airport-map\\\/#breadcrumb\",\"itemListElement\":[{\"@type\":\"ListItem\",\"position\":1,\"name\":\"Home\",\"item\":\"https:\\\/\\\/www.bergerac.aeroport.fr\\\/en\\\/\"},{\"@type\":\"ListItem\",\"position\":2,\"name\":\"Airport map\"}]},{\"@type\":\"WebSite\",\"@id\":\"https:\\\/\\\/www.bergerac.aeroport.fr\\\/#website\",\"url\":\"https:\\\/\\\/www.bergerac.aeroport.fr\\\/\",\"name\":\"A\u00e9roport Bergerac Dordogne P\u00e9rigord\",\"description\":\"\",\"potentialAction\":[{\"@type\":\"SearchAction\",\"target\":{\"@type\":\"EntryPoint\",\"urlTemplate\":\"https:\\\/\\\/www.bergerac.aeroport.fr\\\/?s={search_term_string}\"},\"query-input\":{\"@type\":\"PropertyValueSpecification\",\"valueRequired\":true,\"valueName\":\"search_term_string\"}}],\"inLanguage\":\"en-US\"}]}<\/script>\n<!-- \/ Yoast SEO plugin. -->","yoast_head_json":{"title":"Airport map - A\u00e9roport Bergerac Dordogne P\u00e9rigord","description":"Site officiel de l'A\u00e9roport Bergerac Dordogne P\u00e9rigord. Voyage, billets d'avion, horaires vols, compagnies a\u00e9riennes, acc\u00e8s et r\u00e9servation parking.","robots":{"index":"index","follow":"follow","max-snippet":"max-snippet:-1","max-image-preview":"max-image-preview:large","max-video-preview":"max-video-preview:-1"},"canonical":"https:\/\/www.bergerac.aeroport.fr\/en\/airport-map\/","og_locale":"en_US","og_type":"article","og_title":"Airport map - A\u00e9roport Bergerac Dordogne P\u00e9rigord","og_description":"Site officiel de l'A\u00e9roport Bergerac Dordogne P\u00e9rigord. Voyage, billets d'avion, horaires vols, compagnies a\u00e9riennes, acc\u00e8s et r\u00e9servation parking.","og_url":"https:\/\/www.bergerac.aeroport.fr\/en\/airport-map\/","og_site_name":"A\u00e9roport Bergerac Dordogne P\u00e9rigord","article_publisher":"https:\/\/www.facebook.com\/aeroportbergerac.dordogneperigord","article_modified_time":"2017-04-12T15:18:17+00:00","og_image":[{"url":"https:\/\/www.bergerac.aeroport.fr\/wp-content\/uploads\/2014\/04\/plan_aeroport.png","type":"","width":"","height":""}],"schema":{"@context":"https:\/\/schema.org","@graph":[{"@type":"WebPage","@id":"https:\/\/www.bergerac.aeroport.fr\/en\/airport-map\/","url":"https:\/\/www.bergerac.aeroport.fr\/en\/airport-map\/","name":"Airport map - A\u00e9roport Bergerac Dordogne P\u00e9rigord","isPartOf":{"@id":"https:\/\/www.bergerac.aeroport.fr\/#website"},"primaryImageOfPage":{"@id":"https:\/\/www.bergerac.aeroport.fr\/en\/airport-map\/#primaryimage"},"image":{"@id":"https:\/\/www.bergerac.aeroport.fr\/en\/airport-map\/#primaryimage"},"thumbnailUrl":"https:\/\/www.bergerac.aeroport.fr\/wp-content\/uploads\/2014\/04\/plan_aeroport.png","datePublished":"2014-04-22T15:13:49+00:00","dateModified":"2017-04-12T15:18:17+00:00","description":"Site officiel de l'A\u00e9roport Bergerac Dordogne P\u00e9rigord. Voyage, billets d'avion, horaires vols, compagnies a\u00e9riennes, acc\u00e8s et r\u00e9servation parking.","breadcrumb":{"@id":"https:\/\/www.bergerac.aeroport.fr\/en\/airport-map\/#breadcrumb"},"inLanguage":"en-US","potentialAction":[{"@type":"ReadAction","target":["https:\/\/www.bergerac.aeroport.fr\/en\/airport-map\/"]}]},{"@type":"ImageObject","inLanguage":"en-US","@id":"https:\/\/www.bergerac.aeroport.fr\/en\/airport-map\/#primaryimage","url":"https:\/\/www.bergerac.aeroport.fr\/wp-content\/uploads\/2014\/04\/plan_aeroport.png","contentUrl":"https:\/\/www.bergerac.aeroport.fr\/wp-content\/uploads\/2014\/04\/plan_aeroport.png"},{"@type":"BreadcrumbList","@id":"https:\/\/www.bergerac.aeroport.fr\/en\/airport-map\/#breadcrumb","itemListElement":[{"@type":"ListItem","position":1,"name":"Home","item":"https:\/\/www.bergerac.aeroport.fr\/en\/"},{"@type":"ListItem","position":2,"name":"Airport map"}]},{"@type":"WebSite","@id":"https:\/\/www.bergerac.aeroport.fr\/#website","url":"https:\/\/www.bergerac.aeroport.fr\/","name":"A\u00e9roport Bergerac Dordogne P\u00e9rigord","description":"","potentialAction":[{"@type":"SearchAction","target":{"@type":"EntryPoint","urlTemplate":"https:\/\/www.bergerac.aeroport.fr\/?s={search_term_string}"},"query-input":{"@type":"PropertyValueSpecification","valueRequired":true,"valueName":"search_term_string"}}],"inLanguage":"en-US"}]}},"_links":{"self":[{"href":"https:\/\/www.bergerac.aeroport.fr\/en\/wp-json\/wp\/v2\/pages\/1258\/"}],"collection":[{"href":"https:\/\/www.bergerac.aeroport.fr\/en\/wp-json\/wp\/v2\/pages\/"}],"about":[{"href":"https:\/\/www.bergerac.aeroport.fr\/en\/wp-json\/wp\/v2\/types\/page\/"}],"author":[{"embeddable":true,"href":"https:\/\/www.bergerac.aeroport.fr\/en\/wp-json\/wp\/v2\/users\/2\/"}],"replies":[{"embeddable":true,"href":"https:\/\/www.bergerac.aeroport.fr\/en\/wp-json\/wp\/v2\/comments\/?post=1258"}],"version-history":[{"count":2,"href":"https:\/\/www.bergerac.aeroport.fr\/en\/wp-json\/wp\/v2\/pages\/1258\/revisions\/"}],"predecessor-version":[{"id":1511,"href":"https:\/\/www.bergerac.aeroport.fr\/en\/wp-json\/wp\/v2\/pages\/1258\/revisions\/1511\/"}],"wp:attachment":[{"href":"https:\/\/www.bergerac.aeroport.fr\/en\/wp-json\/wp\/v2\/media\/?parent=1258"}],"curies":[{"name":"wp","href":"https:\/\/api.w.org\/{rel}","templated":true}]}}