{"id":1274,"date":"2014-04-22T16:16:09","date_gmt":"2014-04-22T15:16:09","guid":{"rendered":"https:\/\/www.bergerac.aeroport.fr\/enregistrement-2\/"},"modified":"2017-04-13T13:12:38","modified_gmt":"2017-04-13T12:12:38","slug":"check-in","status":"publish","type":"page","link":"https:\/\/www.bergerac.aeroport.fr\/en\/check-in\/","title":{"rendered":"Check-in"},"content":{"rendered":"<h3>Check-in on time !<\/h3>\n<p style=\"text-align: justify;\">Please go to your airlines\u2019 website to check-in and print your boarding pass following their individual recommendations.<br \/>\nBe aware Internet public access at the airport is non-available. We suggest to book your flight on the airline\u2019s website.<br \/>\nIt is important that you arrive early at the airport and you plan enough time to: check-in, pass the security\/customs controls and go to the gate. If you arrive at check-in after the time indicated by your airline, you will not be accepted on the fl ight. In this case, the airlines can not be held responsible for expenses resulting from your lateness. Please contact your airline for check-in times.<\/p>\n","protected":false},"excerpt":{"rendered":"<p>Check-in on time ! Please go to your airlines\u2019 website to check-in and print your boarding pass following their individual recommendations. Be aware Internet public access at the airport is non-available. We suggest to book your flight on the airline\u2019s website. It is important that you arrive early at the airport and you plan enough [&hellip;]<\/p>\n","protected":false},"author":2,"featured_media":0,"parent":0,"menu_order":0,"comment_status":"open","ping_status":"open","template":"","meta":{"footnotes":""},"class_list":["post-1274","page","type-page","status-publish","hentry"],"yoast_head":"<!-- This site is optimized with the Yoast SEO plugin v27.4 - https:\/\/yoast.com\/product\/yoast-seo-wordpress\/ -->\n<title>Check-in - A\u00e9roport Bergerac Dordogne P\u00e9rigord<\/title>\n<meta name=\"description\" content=\"Site officiel de l&#039;A\u00e9roport Bergerac Dordogne P\u00e9rigord. Voyage, billets d&#039;avion, horaires vols, compagnies a\u00e9riennes, acc\u00e8s et r\u00e9servation parking.\" \/>\n<meta name=\"robots\" content=\"index, follow, max-snippet:-1, max-image-preview:large, max-video-preview:-1\" \/>\n<link rel=\"canonical\" href=\"https:\/\/www.bergerac.aeroport.fr\/en\/check-in\/\" \/>\n<meta property=\"og:locale\" content=\"en_US\" \/>\n<meta property=\"og:type\" content=\"article\" \/>\n<meta property=\"og:title\" content=\"Check-in - A\u00e9roport Bergerac Dordogne P\u00e9rigord\" \/>\n<meta property=\"og:description\" content=\"Site officiel de l&#039;A\u00e9roport Bergerac Dordogne P\u00e9rigord. Voyage, billets d&#039;avion, horaires vols, compagnies a\u00e9riennes, acc\u00e8s et r\u00e9servation parking.\" \/>\n<meta property=\"og:url\" content=\"https:\/\/www.bergerac.aeroport.fr\/en\/check-in\/\" \/>\n<meta property=\"og:site_name\" content=\"A\u00e9roport Bergerac Dordogne P\u00e9rigord\" \/>\n<meta property=\"article:publisher\" content=\"https:\/\/www.facebook.com\/aeroportbergerac.dordogneperigord\" \/>\n<meta property=\"article:modified_time\" content=\"2017-04-13T12:12:38+00:00\" \/>\n<meta name=\"twitter:label1\" content=\"Est. reading time\" \/>\n\t<meta name=\"twitter:data1\" content=\"1 minute\" \/>\n<script type=\"application\/ld+json\" class=\"yoast-schema-graph\">{\"@context\":\"https:\\\/\\\/schema.org\",\"@graph\":[{\"@type\":\"WebPage\",\"@id\":\"https:\\\/\\\/www.bergerac.aeroport.fr\\\/en\\\/check-in\\\/\",\"url\":\"https:\\\/\\\/www.bergerac.aeroport.fr\\\/en\\\/check-in\\\/\",\"name\":\"Check-in - A\u00e9roport Bergerac Dordogne P\u00e9rigord\",\"isPartOf\":{\"@id\":\"https:\\\/\\\/www.bergerac.aeroport.fr\\\/#website\"},\"datePublished\":\"2014-04-22T15:16:09+00:00\",\"dateModified\":\"2017-04-13T12:12:38+00:00\",\"description\":\"Site officiel de l'A\u00e9roport Bergerac Dordogne P\u00e9rigord. Voyage, billets d'avion, horaires vols, compagnies a\u00e9riennes, acc\u00e8s et r\u00e9servation parking.\",\"breadcrumb\":{\"@id\":\"https:\\\/\\\/www.bergerac.aeroport.fr\\\/en\\\/check-in\\\/#breadcrumb\"},\"inLanguage\":\"en-US\",\"potentialAction\":[{\"@type\":\"ReadAction\",\"target\":[\"https:\\\/\\\/www.bergerac.aeroport.fr\\\/en\\\/check-in\\\/\"]}]},{\"@type\":\"BreadcrumbList\",\"@id\":\"https:\\\/\\\/www.bergerac.aeroport.fr\\\/en\\\/check-in\\\/#breadcrumb\",\"itemListElement\":[{\"@type\":\"ListItem\",\"position\":1,\"name\":\"Home\",\"item\":\"https:\\\/\\\/www.bergerac.aeroport.fr\\\/en\\\/\"},{\"@type\":\"ListItem\",\"position\":2,\"name\":\"Check-in\"}]},{\"@type\":\"WebSite\",\"@id\":\"https:\\\/\\\/www.bergerac.aeroport.fr\\\/#website\",\"url\":\"https:\\\/\\\/www.bergerac.aeroport.fr\\\/\",\"name\":\"A\u00e9roport Bergerac Dordogne P\u00e9rigord\",\"description\":\"\",\"potentialAction\":[{\"@type\":\"SearchAction\",\"target\":{\"@type\":\"EntryPoint\",\"urlTemplate\":\"https:\\\/\\\/www.bergerac.aeroport.fr\\\/?s={search_term_string}\"},\"query-input\":{\"@type\":\"PropertyValueSpecification\",\"valueRequired\":true,\"valueName\":\"search_term_string\"}}],\"inLanguage\":\"en-US\"}]}<\/script>\n<!-- \/ Yoast SEO plugin. -->","yoast_head_json":{"title":"Check-in - A\u00e9roport Bergerac Dordogne P\u00e9rigord","description":"Site officiel de l'A\u00e9roport Bergerac Dordogne P\u00e9rigord. Voyage, billets d'avion, horaires vols, compagnies a\u00e9riennes, acc\u00e8s et r\u00e9servation parking.","robots":{"index":"index","follow":"follow","max-snippet":"max-snippet:-1","max-image-preview":"max-image-preview:large","max-video-preview":"max-video-preview:-1"},"canonical":"https:\/\/www.bergerac.aeroport.fr\/en\/check-in\/","og_locale":"en_US","og_type":"article","og_title":"Check-in - A\u00e9roport Bergerac Dordogne P\u00e9rigord","og_description":"Site officiel de l'A\u00e9roport Bergerac Dordogne P\u00e9rigord. Voyage, billets d'avion, horaires vols, compagnies a\u00e9riennes, acc\u00e8s et r\u00e9servation parking.","og_url":"https:\/\/www.bergerac.aeroport.fr\/en\/check-in\/","og_site_name":"A\u00e9roport Bergerac Dordogne P\u00e9rigord","article_publisher":"https:\/\/www.facebook.com\/aeroportbergerac.dordogneperigord","article_modified_time":"2017-04-13T12:12:38+00:00","twitter_misc":{"Est. reading time":"1 minute"},"schema":{"@context":"https:\/\/schema.org","@graph":[{"@type":"WebPage","@id":"https:\/\/www.bergerac.aeroport.fr\/en\/check-in\/","url":"https:\/\/www.bergerac.aeroport.fr\/en\/check-in\/","name":"Check-in - A\u00e9roport Bergerac Dordogne P\u00e9rigord","isPartOf":{"@id":"https:\/\/www.bergerac.aeroport.fr\/#website"},"datePublished":"2014-04-22T15:16:09+00:00","dateModified":"2017-04-13T12:12:38+00:00","description":"Site officiel de l'A\u00e9roport Bergerac Dordogne P\u00e9rigord. Voyage, billets d'avion, horaires vols, compagnies a\u00e9riennes, acc\u00e8s et r\u00e9servation parking.","breadcrumb":{"@id":"https:\/\/www.bergerac.aeroport.fr\/en\/check-in\/#breadcrumb"},"inLanguage":"en-US","potentialAction":[{"@type":"ReadAction","target":["https:\/\/www.bergerac.aeroport.fr\/en\/check-in\/"]}]},{"@type":"BreadcrumbList","@id":"https:\/\/www.bergerac.aeroport.fr\/en\/check-in\/#breadcrumb","itemListElement":[{"@type":"ListItem","position":1,"name":"Home","item":"https:\/\/www.bergerac.aeroport.fr\/en\/"},{"@type":"ListItem","position":2,"name":"Check-in"}]},{"@type":"WebSite","@id":"https:\/\/www.bergerac.aeroport.fr\/#website","url":"https:\/\/www.bergerac.aeroport.fr\/","name":"A\u00e9roport Bergerac Dordogne P\u00e9rigord","description":"","potentialAction":[{"@type":"SearchAction","target":{"@type":"EntryPoint","urlTemplate":"https:\/\/www.bergerac.aeroport.fr\/?s={search_term_string}"},"query-input":{"@type":"PropertyValueSpecification","valueRequired":true,"valueName":"search_term_string"}}],"inLanguage":"en-US"}]}},"_links":{"self":[{"href":"https:\/\/www.bergerac.aeroport.fr\/en\/wp-json\/wp\/v2\/pages\/1274\/"}],"collection":[{"href":"https:\/\/www.bergerac.aeroport.fr\/en\/wp-json\/wp\/v2\/pages\/"}],"about":[{"href":"https:\/\/www.bergerac.aeroport.fr\/en\/wp-json\/wp\/v2\/types\/page\/"}],"author":[{"embeddable":true,"href":"https:\/\/www.bergerac.aeroport.fr\/en\/wp-json\/wp\/v2\/users\/2\/"}],"replies":[{"embeddable":true,"href":"https:\/\/www.bergerac.aeroport.fr\/en\/wp-json\/wp\/v2\/comments\/?post=1274"}],"version-history":[{"count":4,"href":"https:\/\/www.bergerac.aeroport.fr\/en\/wp-json\/wp\/v2\/pages\/1274\/revisions\/"}],"predecessor-version":[{"id":2600,"href":"https:\/\/www.bergerac.aeroport.fr\/en\/wp-json\/wp\/v2\/pages\/1274\/revisions\/2600\/"}],"wp:attachment":[{"href":"https:\/\/www.bergerac.aeroport.fr\/en\/wp-json\/wp\/v2\/media\/?parent=1274"}],"curies":[{"name":"wp","href":"https:\/\/api.w.org\/{rel}","templated":true}]}}