{"id":1285,"date":"2014-04-22T16:16:23","date_gmt":"2014-04-22T15:16:23","guid":{"rendered":"https:\/\/www.bergerac.aeroport.fr\/bagages-2\/"},"modified":"2018-09-11T13:32:29","modified_gmt":"2018-09-11T12:32:29","slug":"bagages","status":"publish","type":"page","link":"https:\/\/www.bergerac.aeroport.fr\/en\/bagages\/","title":{"rendered":"Luggage"},"content":{"rendered":"<p style=\"text-align: left;\"><div class=\"responsive-tabs\">\n<h2 class=\"tabtitle\">Baggage allowance<\/h2>\n<div class=\"tabcontent\">\n<br \/>\nLuggages are not always included in the ticket price. Passengers should consult the airline\u2019s conditions relating to hold baggage allowances and cabin bag size and weight restrictions before travelling. These are different for each airline. Cabine sizers are available at the airport.<\/p>\n<p style=\"text-align: left;\">For confirmation, all luggage excess, special equipment (i.e. golf clubs, skis, surf-boards&#8230;) please contact your airline directly.<br \/>\n\n<\/div><h2 class=\"tabtitle\">Golden rules for your luggage<\/h2>\n<div class=\"tabcontent\">\n<\/p>\n<ul style=\"text-align: left;\">\n<li>Never leave your luggage unattended, even for a short interval, as they would become suspect and might be destroyed.<\/li>\n<li>Never accept bags or packages from anyone, for whatever reason.<\/li>\n<li>Report all suspicious luggage or packages<\/li>\n<li>Carry your medicines and prescriptions with you.<\/li>\n<li>Never carry valuables in your checked luggage.<\/li>\n<li>Mark your name and address clearly both inside and outside your luggage.<\/li>\n<li>\ufffcPack fragile items carefully.<\/li>\n<\/ul>\n<p style=\"text-align: left;\">\n<\/div><h2 class=\"tabtitle\">Check Luggage<\/h2>\n<div class=\"tabcontent\">\n<\/p>\n<p style=\"text-align: left;\"><strong>For safety reasons and according to national and international laws, it is forbidden to carry dangerous items in your check luggage<\/strong><\/p>\n<ul style=\"text-align: left;\">\n<li>ammunition and primers, detonators and fuses, grenades and other military explosives<\/li>\n<li>fireworks and other pyrotechnic items<\/li>\n<li>bombs and smoke canisters<\/li>\n<li>powder and plastic explosive<\/li>\n<li>gas, propane, butane (camping gas bottles)<\/li>\n<li>inflammable liquids (paints, glues, refills for lighters)<\/li>\n<li>inflammable solids and reactive substances (matches, cigarette lighters)<\/li>\n<li>lighters, fireworks, signalling flares<\/li>\n<li>oxidizers and organic peroxides<\/li>\n<li>bodywork repair kits<\/li>\n<li>toxic, infectious and corrosive (car batteries) substances<\/li>\n<li>radioactive materials<\/li>\n<\/ul>\n<p style=\"text-align: left;\"><strong>For more details about luggage restrictions, you can contact the DGAC (Direction Ge\u0301ne\u0301rale de l\u2019Aviation Civile): <\/strong><a href=\"http:\/\/www.dgac.fr\" target=\"_blank\">www.dgac.fr<\/a><\/p>\n<p style=\"text-align: left;\">\n<\/div><h2 class=\"tabtitle\">Hand Luggage<\/h2>\n<div class=\"tabcontent\">\n<\/p>\n<p style=\"text-align: left;\">Only one hand luggage is authorized in cabin on all flights. They must fit in the luggage rack or under the seat in the plane.<\/p>\n<p style=\"text-align: left;\"><strong>For safety reasons and according to national and international laws, it is forbidden to carry dangerous items with you.<\/strong><\/p>\n<p style=\"text-align: left;\"><strong>Are prohibited in checked baggage :<\/strong><\/p>\n<ul style=\"text-align: left;\">\n<li>Firearms, toys, copies and imitation firearms ;<\/li>\n<li>Sharp knives and instruments ;<\/li>\n<li>Blunt objects: bat baseball, skateboarding, sticks&#8230; ;<\/li>\n<li>Chemical and biological substances ;<\/li>\n<li>Liquids, aerosols, gels and pastes in containers of more than 100ml (drinks, mineral water, soup, perfume, lotion, shower gel, toothpaste, deodorant, foundation, mascara &#8230;)<\/li>\n<\/ul>\n<p style=\"text-align: left;\"><strong>However, you can:<\/strong><\/p>\n<ul style=\"text-align: left;\">\n<li>Make travel in the hold, taking care to place them in your luggage before you register them<\/li>\n<li>Take them in the cabin if :\n<ul>\n<li>You strictly adhere to the regulations: they must be collected in a transparent plastic bag closed with a maximum capacity of one liter (20x20cm or 18x22cm), packaging of each product can not exceed a capacity of 100 ml;<\/li>\n<li>Where it is essential to the person in containers of more than 100ml, that they are to be used during the trip and meet a special medical or dietary requirement, including baby food (covers cases of allergies (lactose, gluten&#8230;) and diseases (diabetes&#8230;) that require specific foods without which the passenger\u2019s health is threatened. (provide documentation from a relevant qualified medical professional)<\/li>\n<\/ul>\n<\/li>\n<\/ul>\n<p style=\"text-align: left;\">Put your liquids separately from your cabin baggage so that they are inspected during your visit at the security checkpoint. Exceptionally, security officers may have to open the bottles or vials to control the content and for safety reasons, the liquid may be refused payload.<\/p>\n<p style=\"text-align: left;\"><strong>Spare lithium batteries and e-cigarettes must be carried in cabin only.<\/strong><\/p>\n<p>\n<\/div><h2 class=\"tabtitle\">Objects allowed in cabin<\/h2>\n<div class=\"tabcontent\">\n<br \/>\n<strong>What kind of food (cheese, p\u00e2t\u00e9, pasta&#8230;) can I put in my hand luggage?<\/strong><br \/>\nYou can carry solid food, but no soups, sauces, etc. Generally speaking, liquid or malleable products are prohibited: for instance soft or runny cream cheeses are not authorized in the cabin. opaque containers over 100ml, such as tinned food, are forbidden whatever their contents. All such products may, however, be purchased with no restrictions in duty-free shops.<br \/>\n<\/div><\/div>\n","protected":false},"excerpt":{"rendered":"<p>Luggages are not always included in the ticket price. Passengers should consult the airline\u2019s conditions relating to hold baggage allowances and cabin bag size and weight restrictions before travelling. These are different for each airline. Cabine sizers are available at the airport. For confirmation, all luggage excess, special equipment (i.e. golf clubs, skis, surf-boards&#8230;) please [&hellip;]<\/p>\n","protected":false},"author":2,"featured_media":0,"parent":0,"menu_order":0,"comment_status":"open","ping_status":"open","template":"","meta":{"footnotes":""},"class_list":["post-1285","page","type-page","status-publish","hentry"],"yoast_head":"<!-- This site is optimized with the Yoast SEO plugin v27.5 - https:\/\/yoast.com\/product\/yoast-seo-wordpress\/ -->\n<title>Luggage - A\u00e9roport Bergerac Dordogne P\u00e9rigord<\/title>\n<meta name=\"description\" content=\"Site officiel de l&#039;A\u00e9roport Bergerac Dordogne P\u00e9rigord. Voyage, billets d&#039;avion, horaires vols, compagnies a\u00e9riennes, acc\u00e8s et r\u00e9servation parking.\" \/>\n<meta name=\"robots\" content=\"index, follow, max-snippet:-1, max-image-preview:large, max-video-preview:-1\" \/>\n<link rel=\"canonical\" href=\"https:\/\/www.bergerac.aeroport.fr\/en\/bagages\/\" \/>\n<meta property=\"og:locale\" content=\"en_US\" \/>\n<meta property=\"og:type\" content=\"article\" \/>\n<meta property=\"og:title\" content=\"Luggage - A\u00e9roport Bergerac Dordogne P\u00e9rigord\" \/>\n<meta property=\"og:description\" content=\"Site officiel de l&#039;A\u00e9roport Bergerac Dordogne P\u00e9rigord. Voyage, billets d&#039;avion, horaires vols, compagnies a\u00e9riennes, acc\u00e8s et r\u00e9servation parking.\" \/>\n<meta property=\"og:url\" content=\"https:\/\/www.bergerac.aeroport.fr\/en\/bagages\/\" \/>\n<meta property=\"og:site_name\" content=\"A\u00e9roport Bergerac Dordogne P\u00e9rigord\" \/>\n<meta property=\"article:publisher\" content=\"https:\/\/www.facebook.com\/aeroportbergerac.dordogneperigord\" \/>\n<meta property=\"article:modified_time\" content=\"2018-09-11T12:32:29+00:00\" \/>\n<meta name=\"twitter:label1\" content=\"Est. reading time\" \/>\n\t<meta name=\"twitter:data1\" content=\"3 minutes\" \/>\n<script type=\"application\/ld+json\" class=\"yoast-schema-graph\">{\"@context\":\"https:\\\/\\\/schema.org\",\"@graph\":[{\"@type\":\"WebPage\",\"@id\":\"https:\\\/\\\/www.bergerac.aeroport.fr\\\/en\\\/bagages\\\/\",\"url\":\"https:\\\/\\\/www.bergerac.aeroport.fr\\\/en\\\/bagages\\\/\",\"name\":\"Luggage - A\u00e9roport Bergerac Dordogne P\u00e9rigord\",\"isPartOf\":{\"@id\":\"https:\\\/\\\/www.bergerac.aeroport.fr\\\/#website\"},\"datePublished\":\"2014-04-22T15:16:23+00:00\",\"dateModified\":\"2018-09-11T12:32:29+00:00\",\"description\":\"Site officiel de l'A\u00e9roport Bergerac Dordogne P\u00e9rigord. Voyage, billets d'avion, horaires vols, compagnies a\u00e9riennes, acc\u00e8s et r\u00e9servation parking.\",\"breadcrumb\":{\"@id\":\"https:\\\/\\\/www.bergerac.aeroport.fr\\\/en\\\/bagages\\\/#breadcrumb\"},\"inLanguage\":\"en-US\",\"potentialAction\":[{\"@type\":\"ReadAction\",\"target\":[\"https:\\\/\\\/www.bergerac.aeroport.fr\\\/en\\\/bagages\\\/\"]}]},{\"@type\":\"BreadcrumbList\",\"@id\":\"https:\\\/\\\/www.bergerac.aeroport.fr\\\/en\\\/bagages\\\/#breadcrumb\",\"itemListElement\":[{\"@type\":\"ListItem\",\"position\":1,\"name\":\"Home\",\"item\":\"https:\\\/\\\/www.bergerac.aeroport.fr\\\/en\\\/\"},{\"@type\":\"ListItem\",\"position\":2,\"name\":\"Luggage\"}]},{\"@type\":\"WebSite\",\"@id\":\"https:\\\/\\\/www.bergerac.aeroport.fr\\\/#website\",\"url\":\"https:\\\/\\\/www.bergerac.aeroport.fr\\\/\",\"name\":\"A\u00e9roport Bergerac Dordogne P\u00e9rigord\",\"description\":\"\",\"potentialAction\":[{\"@type\":\"SearchAction\",\"target\":{\"@type\":\"EntryPoint\",\"urlTemplate\":\"https:\\\/\\\/www.bergerac.aeroport.fr\\\/?s={search_term_string}\"},\"query-input\":{\"@type\":\"PropertyValueSpecification\",\"valueRequired\":true,\"valueName\":\"search_term_string\"}}],\"inLanguage\":\"en-US\"}]}<\/script>\n<!-- \/ Yoast SEO plugin. -->","yoast_head_json":{"title":"Luggage - A\u00e9roport Bergerac Dordogne P\u00e9rigord","description":"Site officiel de l'A\u00e9roport Bergerac Dordogne P\u00e9rigord. Voyage, billets d'avion, horaires vols, compagnies a\u00e9riennes, acc\u00e8s et r\u00e9servation parking.","robots":{"index":"index","follow":"follow","max-snippet":"max-snippet:-1","max-image-preview":"max-image-preview:large","max-video-preview":"max-video-preview:-1"},"canonical":"https:\/\/www.bergerac.aeroport.fr\/en\/bagages\/","og_locale":"en_US","og_type":"article","og_title":"Luggage - A\u00e9roport Bergerac Dordogne P\u00e9rigord","og_description":"Site officiel de l'A\u00e9roport Bergerac Dordogne P\u00e9rigord. Voyage, billets d'avion, horaires vols, compagnies a\u00e9riennes, acc\u00e8s et r\u00e9servation parking.","og_url":"https:\/\/www.bergerac.aeroport.fr\/en\/bagages\/","og_site_name":"A\u00e9roport Bergerac Dordogne P\u00e9rigord","article_publisher":"https:\/\/www.facebook.com\/aeroportbergerac.dordogneperigord","article_modified_time":"2018-09-11T12:32:29+00:00","twitter_misc":{"Est. reading time":"3 minutes"},"schema":{"@context":"https:\/\/schema.org","@graph":[{"@type":"WebPage","@id":"https:\/\/www.bergerac.aeroport.fr\/en\/bagages\/","url":"https:\/\/www.bergerac.aeroport.fr\/en\/bagages\/","name":"Luggage - A\u00e9roport Bergerac Dordogne P\u00e9rigord","isPartOf":{"@id":"https:\/\/www.bergerac.aeroport.fr\/#website"},"datePublished":"2014-04-22T15:16:23+00:00","dateModified":"2018-09-11T12:32:29+00:00","description":"Site officiel de l'A\u00e9roport Bergerac Dordogne P\u00e9rigord. Voyage, billets d'avion, horaires vols, compagnies a\u00e9riennes, acc\u00e8s et r\u00e9servation parking.","breadcrumb":{"@id":"https:\/\/www.bergerac.aeroport.fr\/en\/bagages\/#breadcrumb"},"inLanguage":"en-US","potentialAction":[{"@type":"ReadAction","target":["https:\/\/www.bergerac.aeroport.fr\/en\/bagages\/"]}]},{"@type":"BreadcrumbList","@id":"https:\/\/www.bergerac.aeroport.fr\/en\/bagages\/#breadcrumb","itemListElement":[{"@type":"ListItem","position":1,"name":"Home","item":"https:\/\/www.bergerac.aeroport.fr\/en\/"},{"@type":"ListItem","position":2,"name":"Luggage"}]},{"@type":"WebSite","@id":"https:\/\/www.bergerac.aeroport.fr\/#website","url":"https:\/\/www.bergerac.aeroport.fr\/","name":"A\u00e9roport Bergerac Dordogne P\u00e9rigord","description":"","potentialAction":[{"@type":"SearchAction","target":{"@type":"EntryPoint","urlTemplate":"https:\/\/www.bergerac.aeroport.fr\/?s={search_term_string}"},"query-input":{"@type":"PropertyValueSpecification","valueRequired":true,"valueName":"search_term_string"}}],"inLanguage":"en-US"}]}},"_links":{"self":[{"href":"https:\/\/www.bergerac.aeroport.fr\/en\/wp-json\/wp\/v2\/pages\/1285\/"}],"collection":[{"href":"https:\/\/www.bergerac.aeroport.fr\/en\/wp-json\/wp\/v2\/pages\/"}],"about":[{"href":"https:\/\/www.bergerac.aeroport.fr\/en\/wp-json\/wp\/v2\/types\/page\/"}],"author":[{"embeddable":true,"href":"https:\/\/www.bergerac.aeroport.fr\/en\/wp-json\/wp\/v2\/users\/2\/"}],"replies":[{"embeddable":true,"href":"https:\/\/www.bergerac.aeroport.fr\/en\/wp-json\/wp\/v2\/comments\/?post=1285"}],"version-history":[{"count":10,"href":"https:\/\/www.bergerac.aeroport.fr\/en\/wp-json\/wp\/v2\/pages\/1285\/revisions\/"}],"predecessor-version":[{"id":4445,"href":"https:\/\/www.bergerac.aeroport.fr\/en\/wp-json\/wp\/v2\/pages\/1285\/revisions\/4445\/"}],"wp:attachment":[{"href":"https:\/\/www.bergerac.aeroport.fr\/en\/wp-json\/wp\/v2\/media\/?parent=1285"}],"curies":[{"name":"wp","href":"https:\/\/api.w.org\/{rel}","templated":true}]}}