{"id":1313,"date":"2014-04-22T16:17:11","date_gmt":"2014-04-22T15:17:11","guid":{"rendered":"https:\/\/www.bergerac.aeroport.fr\/boutique-2\/"},"modified":"2021-12-07T13:37:04","modified_gmt":"2021-12-07T12:37:04","slug":"services-stores","status":"publish","type":"page","link":"https:\/\/www.bergerac.aeroport.fr\/en\/services-stores\/","title":{"rendered":"Services &#038; stores"},"content":{"rendered":"<h3>Restaurant<\/h3>\n<h3>Bar-restaurant &amp; souvenir shop<\/h3>\n<p>Since the beginning of July 2021, Bergerac airport is delighted to welcome the Relay-Lagard\u00e8re group.<\/p>\n<p>The &#8220;Tribs&#8221; bar-restaurant offers you the opportunity to eat and to sit on the terrace.<\/p>\n<h3><a href=\"https:\/\/www.bergerac.aeroport.fr\/wp-content\/uploads\/2021\/07\/IMG_0257.jpg\"><img fetchpriority=\"high\" decoding=\"async\" class=\"alignnone size-large wp-image-4935\" src=\"https:\/\/www.bergerac.aeroport.fr\/wp-content\/uploads\/2021\/07\/IMG_0257-1024x768.jpg\" alt=\"\" width=\"1024\" height=\"768\" srcset=\"https:\/\/www.bergerac.aeroport.fr\/wp-content\/uploads\/2021\/07\/IMG_0257-1024x768.jpg 1024w, https:\/\/www.bergerac.aeroport.fr\/wp-content\/uploads\/2021\/07\/IMG_0257-300x225.jpg 300w, https:\/\/www.bergerac.aeroport.fr\/wp-content\/uploads\/2021\/07\/IMG_0257-768x576.jpg 768w, https:\/\/www.bergerac.aeroport.fr\/wp-content\/uploads\/2021\/07\/IMG_0257-1536x1152.jpg 1536w, https:\/\/www.bergerac.aeroport.fr\/wp-content\/uploads\/2021\/07\/IMG_0257-2048x1536.jpg 2048w\" sizes=\"(max-width: 1024px) 100vw, 1024px\" \/><\/a><\/h3>\n<h3>Bar\/shop in reserved area<\/h3>\n<p>Bar\/shop in reserved area<\/p>\n<p>Discover the new shop in the reserved area!<\/p>\n<p>The shop offers you regional products as well as bottles of wine and food.<\/p>\n<h3><a href=\"https:\/\/www.bergerac.aeroport.fr\/wp-content\/uploads\/2021\/07\/IMG_0261.jpg\"><img decoding=\"async\" class=\"alignnone size-large wp-image-4937\" src=\"https:\/\/www.bergerac.aeroport.fr\/wp-content\/uploads\/2021\/07\/IMG_0261-1024x768.jpg\" alt=\"\" width=\"1024\" height=\"768\" srcset=\"https:\/\/www.bergerac.aeroport.fr\/wp-content\/uploads\/2021\/07\/IMG_0261-1024x768.jpg 1024w, https:\/\/www.bergerac.aeroport.fr\/wp-content\/uploads\/2021\/07\/IMG_0261-300x225.jpg 300w, https:\/\/www.bergerac.aeroport.fr\/wp-content\/uploads\/2021\/07\/IMG_0261-768x576.jpg 768w, https:\/\/www.bergerac.aeroport.fr\/wp-content\/uploads\/2021\/07\/IMG_0261-1536x1152.jpg 1536w, https:\/\/www.bergerac.aeroport.fr\/wp-content\/uploads\/2021\/07\/IMG_0261-2048x1536.jpg 2048w\" sizes=\"(max-width: 1024px) 100vw, 1024px\" \/><\/a>Cash point<\/h3>\n<p><span class=\"uk\"><strong>Cr\u00e9dit Agricole ATM :<\/strong> at the arrival exit<br \/>\nPlan to exchange money before your trip (no International Currency Exchange at Bergerac Airport Dordogne P\u00e9rigord).<br \/>\n<\/span><\/p>\n<p><a href=\"https:\/\/www.bergerac.aeroport.fr\/wp-content\/uploads\/2014\/04\/DISTRI-BANCAIRE.jpg\"><img decoding=\"async\" class=\"alignnone size-medium wp-image-2224\" src=\"https:\/\/www.bergerac.aeroport.fr\/wp-content\/uploads\/2014\/04\/DISTRI-BANCAIRE-300x169.jpg\" alt=\"DISTRI BANCAIRE\" width=\"300\" height=\"169\" srcset=\"https:\/\/www.bergerac.aeroport.fr\/wp-content\/uploads\/2014\/04\/DISTRI-BANCAIRE-300x169.jpg 300w, https:\/\/www.bergerac.aeroport.fr\/wp-content\/uploads\/2014\/04\/DISTRI-BANCAIRE-1024x576.jpg 1024w, https:\/\/www.bergerac.aeroport.fr\/wp-content\/uploads\/2014\/04\/DISTRI-BANCAIRE-815x459.jpg 815w\" sizes=\"(max-width: 300px) 100vw, 300px\" \/><\/a><\/p>\n","protected":false},"excerpt":{"rendered":"<p>Restaurant Bar-restaurant &amp; souvenir shop Since the beginning of July 2021, Bergerac airport is delighted to welcome the Relay-Lagard\u00e8re group. The &#8220;Tribs&#8221; bar-restaurant offers you the opportunity to eat and to sit on the terrace. Bar\/shop in reserved area Bar\/shop in reserved area Discover the new shop in the reserved area! The shop offers you [&hellip;]<\/p>\n","protected":false},"author":2,"featured_media":0,"parent":0,"menu_order":0,"comment_status":"open","ping_status":"open","template":"","meta":{"footnotes":""},"class_list":["post-1313","page","type-page","status-publish","hentry"],"yoast_head":"<!-- This site is optimized with the Yoast SEO plugin v27.4 - https:\/\/yoast.com\/product\/yoast-seo-wordpress\/ -->\n<title>Services &amp; stores - A\u00e9roport Bergerac Dordogne P\u00e9rigord<\/title>\n<meta name=\"description\" content=\"Site officiel de l&#039;A\u00e9roport Bergerac Dordogne P\u00e9rigord. Voyage, billets d&#039;avion, horaires vols, compagnies a\u00e9riennes, acc\u00e8s et r\u00e9servation parking.\" \/>\n<meta name=\"robots\" content=\"index, follow, max-snippet:-1, max-image-preview:large, max-video-preview:-1\" \/>\n<link rel=\"canonical\" href=\"https:\/\/www.bergerac.aeroport.fr\/en\/services-stores\/\" \/>\n<meta property=\"og:locale\" content=\"en_US\" \/>\n<meta property=\"og:type\" content=\"article\" \/>\n<meta property=\"og:title\" content=\"Services &amp; stores - A\u00e9roport Bergerac Dordogne P\u00e9rigord\" \/>\n<meta property=\"og:description\" content=\"Site officiel de l&#039;A\u00e9roport Bergerac Dordogne P\u00e9rigord. Voyage, billets d&#039;avion, horaires vols, compagnies a\u00e9riennes, acc\u00e8s et r\u00e9servation parking.\" \/>\n<meta property=\"og:url\" content=\"https:\/\/www.bergerac.aeroport.fr\/en\/services-stores\/\" \/>\n<meta property=\"og:site_name\" content=\"A\u00e9roport Bergerac Dordogne P\u00e9rigord\" \/>\n<meta property=\"article:publisher\" content=\"https:\/\/www.facebook.com\/aeroportbergerac.dordogneperigord\" \/>\n<meta property=\"article:modified_time\" content=\"2021-12-07T12:37:04+00:00\" \/>\n<meta property=\"og:image\" content=\"https:\/\/www.bergerac.aeroport.fr\/wp-content\/uploads\/2021\/07\/IMG_0257-1024x768.jpg\" \/>\n<meta name=\"twitter:label1\" content=\"Est. reading time\" \/>\n\t<meta name=\"twitter:data1\" content=\"1 minute\" \/>\n<script type=\"application\/ld+json\" class=\"yoast-schema-graph\">{\"@context\":\"https:\\\/\\\/schema.org\",\"@graph\":[{\"@type\":\"WebPage\",\"@id\":\"https:\\\/\\\/www.bergerac.aeroport.fr\\\/en\\\/services-stores\\\/\",\"url\":\"https:\\\/\\\/www.bergerac.aeroport.fr\\\/en\\\/services-stores\\\/\",\"name\":\"Services & stores - A\u00e9roport Bergerac Dordogne P\u00e9rigord\",\"isPartOf\":{\"@id\":\"https:\\\/\\\/www.bergerac.aeroport.fr\\\/#website\"},\"primaryImageOfPage\":{\"@id\":\"https:\\\/\\\/www.bergerac.aeroport.fr\\\/en\\\/services-stores\\\/#primaryimage\"},\"image\":{\"@id\":\"https:\\\/\\\/www.bergerac.aeroport.fr\\\/en\\\/services-stores\\\/#primaryimage\"},\"thumbnailUrl\":\"https:\\\/\\\/www.bergerac.aeroport.fr\\\/wp-content\\\/uploads\\\/2021\\\/07\\\/IMG_0257-1024x768.jpg\",\"datePublished\":\"2014-04-22T15:17:11+00:00\",\"dateModified\":\"2021-12-07T12:37:04+00:00\",\"description\":\"Site officiel de l'A\u00e9roport Bergerac Dordogne P\u00e9rigord. Voyage, billets d'avion, horaires vols, compagnies a\u00e9riennes, acc\u00e8s et r\u00e9servation parking.\",\"breadcrumb\":{\"@id\":\"https:\\\/\\\/www.bergerac.aeroport.fr\\\/en\\\/services-stores\\\/#breadcrumb\"},\"inLanguage\":\"en-US\",\"potentialAction\":[{\"@type\":\"ReadAction\",\"target\":[\"https:\\\/\\\/www.bergerac.aeroport.fr\\\/en\\\/services-stores\\\/\"]}]},{\"@type\":\"ImageObject\",\"inLanguage\":\"en-US\",\"@id\":\"https:\\\/\\\/www.bergerac.aeroport.fr\\\/en\\\/services-stores\\\/#primaryimage\",\"url\":\"https:\\\/\\\/www.bergerac.aeroport.fr\\\/wp-content\\\/uploads\\\/2021\\\/07\\\/IMG_0257-1024x768.jpg\",\"contentUrl\":\"https:\\\/\\\/www.bergerac.aeroport.fr\\\/wp-content\\\/uploads\\\/2021\\\/07\\\/IMG_0257-1024x768.jpg\"},{\"@type\":\"BreadcrumbList\",\"@id\":\"https:\\\/\\\/www.bergerac.aeroport.fr\\\/en\\\/services-stores\\\/#breadcrumb\",\"itemListElement\":[{\"@type\":\"ListItem\",\"position\":1,\"name\":\"Home\",\"item\":\"https:\\\/\\\/www.bergerac.aeroport.fr\\\/en\\\/\"},{\"@type\":\"ListItem\",\"position\":2,\"name\":\"Services &#038; stores\"}]},{\"@type\":\"WebSite\",\"@id\":\"https:\\\/\\\/www.bergerac.aeroport.fr\\\/#website\",\"url\":\"https:\\\/\\\/www.bergerac.aeroport.fr\\\/\",\"name\":\"A\u00e9roport Bergerac Dordogne P\u00e9rigord\",\"description\":\"\",\"potentialAction\":[{\"@type\":\"SearchAction\",\"target\":{\"@type\":\"EntryPoint\",\"urlTemplate\":\"https:\\\/\\\/www.bergerac.aeroport.fr\\\/?s={search_term_string}\"},\"query-input\":{\"@type\":\"PropertyValueSpecification\",\"valueRequired\":true,\"valueName\":\"search_term_string\"}}],\"inLanguage\":\"en-US\"}]}<\/script>\n<!-- \/ Yoast SEO plugin. -->","yoast_head_json":{"title":"Services & stores - A\u00e9roport Bergerac Dordogne P\u00e9rigord","description":"Site officiel de l'A\u00e9roport Bergerac Dordogne P\u00e9rigord. Voyage, billets d'avion, horaires vols, compagnies a\u00e9riennes, acc\u00e8s et r\u00e9servation parking.","robots":{"index":"index","follow":"follow","max-snippet":"max-snippet:-1","max-image-preview":"max-image-preview:large","max-video-preview":"max-video-preview:-1"},"canonical":"https:\/\/www.bergerac.aeroport.fr\/en\/services-stores\/","og_locale":"en_US","og_type":"article","og_title":"Services & stores - A\u00e9roport Bergerac Dordogne P\u00e9rigord","og_description":"Site officiel de l'A\u00e9roport Bergerac Dordogne P\u00e9rigord. Voyage, billets d'avion, horaires vols, compagnies a\u00e9riennes, acc\u00e8s et r\u00e9servation parking.","og_url":"https:\/\/www.bergerac.aeroport.fr\/en\/services-stores\/","og_site_name":"A\u00e9roport Bergerac Dordogne P\u00e9rigord","article_publisher":"https:\/\/www.facebook.com\/aeroportbergerac.dordogneperigord","article_modified_time":"2021-12-07T12:37:04+00:00","og_image":[{"url":"https:\/\/www.bergerac.aeroport.fr\/wp-content\/uploads\/2021\/07\/IMG_0257-1024x768.jpg","type":"","width":"","height":""}],"twitter_misc":{"Est. reading time":"1 minute"},"schema":{"@context":"https:\/\/schema.org","@graph":[{"@type":"WebPage","@id":"https:\/\/www.bergerac.aeroport.fr\/en\/services-stores\/","url":"https:\/\/www.bergerac.aeroport.fr\/en\/services-stores\/","name":"Services & stores - A\u00e9roport Bergerac Dordogne P\u00e9rigord","isPartOf":{"@id":"https:\/\/www.bergerac.aeroport.fr\/#website"},"primaryImageOfPage":{"@id":"https:\/\/www.bergerac.aeroport.fr\/en\/services-stores\/#primaryimage"},"image":{"@id":"https:\/\/www.bergerac.aeroport.fr\/en\/services-stores\/#primaryimage"},"thumbnailUrl":"https:\/\/www.bergerac.aeroport.fr\/wp-content\/uploads\/2021\/07\/IMG_0257-1024x768.jpg","datePublished":"2014-04-22T15:17:11+00:00","dateModified":"2021-12-07T12:37:04+00:00","description":"Site officiel de l'A\u00e9roport Bergerac Dordogne P\u00e9rigord. Voyage, billets d'avion, horaires vols, compagnies a\u00e9riennes, acc\u00e8s et r\u00e9servation parking.","breadcrumb":{"@id":"https:\/\/www.bergerac.aeroport.fr\/en\/services-stores\/#breadcrumb"},"inLanguage":"en-US","potentialAction":[{"@type":"ReadAction","target":["https:\/\/www.bergerac.aeroport.fr\/en\/services-stores\/"]}]},{"@type":"ImageObject","inLanguage":"en-US","@id":"https:\/\/www.bergerac.aeroport.fr\/en\/services-stores\/#primaryimage","url":"https:\/\/www.bergerac.aeroport.fr\/wp-content\/uploads\/2021\/07\/IMG_0257-1024x768.jpg","contentUrl":"https:\/\/www.bergerac.aeroport.fr\/wp-content\/uploads\/2021\/07\/IMG_0257-1024x768.jpg"},{"@type":"BreadcrumbList","@id":"https:\/\/www.bergerac.aeroport.fr\/en\/services-stores\/#breadcrumb","itemListElement":[{"@type":"ListItem","position":1,"name":"Home","item":"https:\/\/www.bergerac.aeroport.fr\/en\/"},{"@type":"ListItem","position":2,"name":"Services &#038; stores"}]},{"@type":"WebSite","@id":"https:\/\/www.bergerac.aeroport.fr\/#website","url":"https:\/\/www.bergerac.aeroport.fr\/","name":"A\u00e9roport Bergerac Dordogne P\u00e9rigord","description":"","potentialAction":[{"@type":"SearchAction","target":{"@type":"EntryPoint","urlTemplate":"https:\/\/www.bergerac.aeroport.fr\/?s={search_term_string}"},"query-input":{"@type":"PropertyValueSpecification","valueRequired":true,"valueName":"search_term_string"}}],"inLanguage":"en-US"}]}},"_links":{"self":[{"href":"https:\/\/www.bergerac.aeroport.fr\/en\/wp-json\/wp\/v2\/pages\/1313\/"}],"collection":[{"href":"https:\/\/www.bergerac.aeroport.fr\/en\/wp-json\/wp\/v2\/pages\/"}],"about":[{"href":"https:\/\/www.bergerac.aeroport.fr\/en\/wp-json\/wp\/v2\/types\/page\/"}],"author":[{"embeddable":true,"href":"https:\/\/www.bergerac.aeroport.fr\/en\/wp-json\/wp\/v2\/users\/2\/"}],"replies":[{"embeddable":true,"href":"https:\/\/www.bergerac.aeroport.fr\/en\/wp-json\/wp\/v2\/comments\/?post=1313"}],"version-history":[{"count":19,"href":"https:\/\/www.bergerac.aeroport.fr\/en\/wp-json\/wp\/v2\/pages\/1313\/revisions\/"}],"predecessor-version":[{"id":5082,"href":"https:\/\/www.bergerac.aeroport.fr\/en\/wp-json\/wp\/v2\/pages\/1313\/revisions\/5082\/"}],"wp:attachment":[{"href":"https:\/\/www.bergerac.aeroport.fr\/en\/wp-json\/wp\/v2\/media\/?parent=1313"}],"curies":[{"name":"wp","href":"https:\/\/api.w.org\/{rel}","templated":true}]}}