{"id":1383,"date":"2014-04-25T13:47:55","date_gmt":"2014-04-25T12:47:55","guid":{"rendered":"https:\/\/www.bergerac.aeroport.fr\/personnes-mobilite-reduite-2\/"},"modified":"2017-04-13T13:13:59","modified_gmt":"2017-04-13T12:13:59","slug":"people-of-reduced-mobility","status":"publish","type":"page","link":"https:\/\/www.bergerac.aeroport.fr\/en\/people-of-reduced-mobility\/","title":{"rendered":"People of reduced mobility"},"content":{"rendered":"<ul>\n<li>14 allocated parking spaces<\/li>\n<li>Wheelchair access ramp<\/li>\n<li>Adapted toilets<\/li>\n<li>Escorting service<\/li>\n<li>Wheelchairs provided<\/li>\n<\/ul>\n<p>&nbsp;<\/p>\n","protected":false},"excerpt":{"rendered":"<p>14 allocated parking spaces Wheelchair access ramp Adapted toilets Escorting service Wheelchairs provided &nbsp;<\/p>\n","protected":false},"author":2,"featured_media":0,"parent":0,"menu_order":0,"comment_status":"open","ping_status":"open","template":"","meta":{"footnotes":""},"class_list":["post-1383","page","type-page","status-publish","hentry"],"yoast_head":"<!-- This site is optimized with the Yoast SEO plugin v27.4 - https:\/\/yoast.com\/product\/yoast-seo-wordpress\/ -->\n<title>People of reduced mobility - A\u00e9roport Bergerac Dordogne P\u00e9rigord<\/title>\n<meta name=\"description\" content=\"Site officiel de l&#039;A\u00e9roport Bergerac Dordogne P\u00e9rigord. Voyage, billets d&#039;avion, horaires vols, compagnies a\u00e9riennes, acc\u00e8s et r\u00e9servation parking.\" \/>\n<meta name=\"robots\" content=\"index, follow, max-snippet:-1, max-image-preview:large, max-video-preview:-1\" \/>\n<link rel=\"canonical\" href=\"https:\/\/www.bergerac.aeroport.fr\/en\/people-of-reduced-mobility\/\" \/>\n<meta property=\"og:locale\" content=\"en_US\" \/>\n<meta property=\"og:type\" content=\"article\" \/>\n<meta property=\"og:title\" content=\"People of reduced mobility - A\u00e9roport Bergerac Dordogne P\u00e9rigord\" \/>\n<meta property=\"og:description\" content=\"Site officiel de l&#039;A\u00e9roport Bergerac Dordogne P\u00e9rigord. Voyage, billets d&#039;avion, horaires vols, compagnies a\u00e9riennes, acc\u00e8s et r\u00e9servation parking.\" \/>\n<meta property=\"og:url\" content=\"https:\/\/www.bergerac.aeroport.fr\/en\/people-of-reduced-mobility\/\" \/>\n<meta property=\"og:site_name\" content=\"A\u00e9roport Bergerac Dordogne P\u00e9rigord\" \/>\n<meta property=\"article:publisher\" content=\"https:\/\/www.facebook.com\/aeroportbergerac.dordogneperigord\" \/>\n<meta property=\"article:modified_time\" content=\"2017-04-13T12:13:59+00:00\" \/>\n<script type=\"application\/ld+json\" class=\"yoast-schema-graph\">{\"@context\":\"https:\\\/\\\/schema.org\",\"@graph\":[{\"@type\":\"WebPage\",\"@id\":\"https:\\\/\\\/www.bergerac.aeroport.fr\\\/en\\\/people-of-reduced-mobility\\\/\",\"url\":\"https:\\\/\\\/www.bergerac.aeroport.fr\\\/en\\\/people-of-reduced-mobility\\\/\",\"name\":\"People of reduced mobility - A\u00e9roport Bergerac Dordogne P\u00e9rigord\",\"isPartOf\":{\"@id\":\"https:\\\/\\\/www.bergerac.aeroport.fr\\\/#website\"},\"datePublished\":\"2014-04-25T12:47:55+00:00\",\"dateModified\":\"2017-04-13T12:13:59+00:00\",\"description\":\"Site officiel de l'A\u00e9roport Bergerac Dordogne P\u00e9rigord. Voyage, billets d'avion, horaires vols, compagnies a\u00e9riennes, acc\u00e8s et r\u00e9servation parking.\",\"breadcrumb\":{\"@id\":\"https:\\\/\\\/www.bergerac.aeroport.fr\\\/en\\\/people-of-reduced-mobility\\\/#breadcrumb\"},\"inLanguage\":\"en-US\",\"potentialAction\":[{\"@type\":\"ReadAction\",\"target\":[\"https:\\\/\\\/www.bergerac.aeroport.fr\\\/en\\\/people-of-reduced-mobility\\\/\"]}]},{\"@type\":\"BreadcrumbList\",\"@id\":\"https:\\\/\\\/www.bergerac.aeroport.fr\\\/en\\\/people-of-reduced-mobility\\\/#breadcrumb\",\"itemListElement\":[{\"@type\":\"ListItem\",\"position\":1,\"name\":\"Home\",\"item\":\"https:\\\/\\\/www.bergerac.aeroport.fr\\\/en\\\/\"},{\"@type\":\"ListItem\",\"position\":2,\"name\":\"People of reduced mobility\"}]},{\"@type\":\"WebSite\",\"@id\":\"https:\\\/\\\/www.bergerac.aeroport.fr\\\/#website\",\"url\":\"https:\\\/\\\/www.bergerac.aeroport.fr\\\/\",\"name\":\"A\u00e9roport Bergerac Dordogne P\u00e9rigord\",\"description\":\"\",\"potentialAction\":[{\"@type\":\"SearchAction\",\"target\":{\"@type\":\"EntryPoint\",\"urlTemplate\":\"https:\\\/\\\/www.bergerac.aeroport.fr\\\/?s={search_term_string}\"},\"query-input\":{\"@type\":\"PropertyValueSpecification\",\"valueRequired\":true,\"valueName\":\"search_term_string\"}}],\"inLanguage\":\"en-US\"}]}<\/script>\n<!-- \/ Yoast SEO plugin. -->","yoast_head_json":{"title":"People of reduced mobility - A\u00e9roport Bergerac Dordogne P\u00e9rigord","description":"Site officiel de l'A\u00e9roport Bergerac Dordogne P\u00e9rigord. Voyage, billets d'avion, horaires vols, compagnies a\u00e9riennes, acc\u00e8s et r\u00e9servation parking.","robots":{"index":"index","follow":"follow","max-snippet":"max-snippet:-1","max-image-preview":"max-image-preview:large","max-video-preview":"max-video-preview:-1"},"canonical":"https:\/\/www.bergerac.aeroport.fr\/en\/people-of-reduced-mobility\/","og_locale":"en_US","og_type":"article","og_title":"People of reduced mobility - A\u00e9roport Bergerac Dordogne P\u00e9rigord","og_description":"Site officiel de l'A\u00e9roport Bergerac Dordogne P\u00e9rigord. Voyage, billets d'avion, horaires vols, compagnies a\u00e9riennes, acc\u00e8s et r\u00e9servation parking.","og_url":"https:\/\/www.bergerac.aeroport.fr\/en\/people-of-reduced-mobility\/","og_site_name":"A\u00e9roport Bergerac Dordogne P\u00e9rigord","article_publisher":"https:\/\/www.facebook.com\/aeroportbergerac.dordogneperigord","article_modified_time":"2017-04-13T12:13:59+00:00","schema":{"@context":"https:\/\/schema.org","@graph":[{"@type":"WebPage","@id":"https:\/\/www.bergerac.aeroport.fr\/en\/people-of-reduced-mobility\/","url":"https:\/\/www.bergerac.aeroport.fr\/en\/people-of-reduced-mobility\/","name":"People of reduced mobility - A\u00e9roport Bergerac Dordogne P\u00e9rigord","isPartOf":{"@id":"https:\/\/www.bergerac.aeroport.fr\/#website"},"datePublished":"2014-04-25T12:47:55+00:00","dateModified":"2017-04-13T12:13:59+00:00","description":"Site officiel de l'A\u00e9roport Bergerac Dordogne P\u00e9rigord. Voyage, billets d'avion, horaires vols, compagnies a\u00e9riennes, acc\u00e8s et r\u00e9servation parking.","breadcrumb":{"@id":"https:\/\/www.bergerac.aeroport.fr\/en\/people-of-reduced-mobility\/#breadcrumb"},"inLanguage":"en-US","potentialAction":[{"@type":"ReadAction","target":["https:\/\/www.bergerac.aeroport.fr\/en\/people-of-reduced-mobility\/"]}]},{"@type":"BreadcrumbList","@id":"https:\/\/www.bergerac.aeroport.fr\/en\/people-of-reduced-mobility\/#breadcrumb","itemListElement":[{"@type":"ListItem","position":1,"name":"Home","item":"https:\/\/www.bergerac.aeroport.fr\/en\/"},{"@type":"ListItem","position":2,"name":"People of reduced mobility"}]},{"@type":"WebSite","@id":"https:\/\/www.bergerac.aeroport.fr\/#website","url":"https:\/\/www.bergerac.aeroport.fr\/","name":"A\u00e9roport Bergerac Dordogne P\u00e9rigord","description":"","potentialAction":[{"@type":"SearchAction","target":{"@type":"EntryPoint","urlTemplate":"https:\/\/www.bergerac.aeroport.fr\/?s={search_term_string}"},"query-input":{"@type":"PropertyValueSpecification","valueRequired":true,"valueName":"search_term_string"}}],"inLanguage":"en-US"}]}},"_links":{"self":[{"href":"https:\/\/www.bergerac.aeroport.fr\/en\/wp-json\/wp\/v2\/pages\/1383\/"}],"collection":[{"href":"https:\/\/www.bergerac.aeroport.fr\/en\/wp-json\/wp\/v2\/pages\/"}],"about":[{"href":"https:\/\/www.bergerac.aeroport.fr\/en\/wp-json\/wp\/v2\/types\/page\/"}],"author":[{"embeddable":true,"href":"https:\/\/www.bergerac.aeroport.fr\/en\/wp-json\/wp\/v2\/users\/2\/"}],"replies":[{"embeddable":true,"href":"https:\/\/www.bergerac.aeroport.fr\/en\/wp-json\/wp\/v2\/comments\/?post=1383"}],"version-history":[{"count":2,"href":"https:\/\/www.bergerac.aeroport.fr\/en\/wp-json\/wp\/v2\/pages\/1383\/revisions\/"}],"predecessor-version":[{"id":2608,"href":"https:\/\/www.bergerac.aeroport.fr\/en\/wp-json\/wp\/v2\/pages\/1383\/revisions\/2608\/"}],"wp:attachment":[{"href":"https:\/\/www.bergerac.aeroport.fr\/en\/wp-json\/wp\/v2\/media\/?parent=1383"}],"curies":[{"name":"wp","href":"https:\/\/api.w.org\/{rel}","templated":true}]}}