{"id":2429,"date":"2016-01-06T16:24:51","date_gmt":"2016-01-06T15:24:51","guid":{"rendered":"https:\/\/www.bergerac.aeroport.fr\/?page_id=2429"},"modified":"2023-03-24T11:13:20","modified_gmt":"2023-03-24T10:13:20","slug":"business-aviation-private-flights","status":"publish","type":"page","link":"https:\/\/www.bergerac.aeroport.fr\/en\/business-aviation-private-flights\/","title":{"rendered":"Business Aviation \/ Private Flights"},"content":{"rendered":"<p>For any flight informations and custom requests please contact :<\/p>\n<p>Service Aviation G\u00e9n\u00e9ral : 05.53.22.25.33<\/p>\n<p>With regard to the measures organized within the framework of the plan VIGIPIRATE, please would you inform us of the names and passport \/identity card numbers of the passengers and crew on your flight. On arrival it is compulsory that you direct your crew and passengers to the <strong>arrival hall for immigration clearance.<\/strong><\/p>\n<p>For every flight out of France, with destination or from Bergerac, a request must be sent to Customs 24 hours before the flight in the week and before 12am on Friday for the weekend.<\/p>\n<p>Please, check VAC MAPS and NOTAMS before your flight.<\/p>\n","protected":false},"excerpt":{"rendered":"<p>For any flight informations and custom requests please contact : Service Aviation G\u00e9n\u00e9ral : 05.53.22.25.33 With regard to the measures organized within the framework of the plan VIGIPIRATE, please would you inform us of the names and passport \/identity card numbers of the passengers and crew on your flight. On arrival it is compulsory that [&hellip;]<\/p>\n","protected":false},"author":2,"featured_media":0,"parent":0,"menu_order":0,"comment_status":"closed","ping_status":"closed","template":"","meta":{"footnotes":""},"class_list":["post-2429","page","type-page","status-publish","hentry"],"yoast_head":"<!-- This site is optimized with the Yoast SEO plugin v27.4 - https:\/\/yoast.com\/product\/yoast-seo-wordpress\/ -->\n<title>Business Aviation \/ Private Flights - A\u00e9roport Bergerac Dordogne P\u00e9rigord<\/title>\n<meta name=\"description\" content=\"Site officiel de l&#039;A\u00e9roport Bergerac Dordogne P\u00e9rigord. Voyage, billets d&#039;avion, horaires vols, compagnies a\u00e9riennes, acc\u00e8s et r\u00e9servation parking.\" \/>\n<meta name=\"robots\" content=\"index, follow, max-snippet:-1, max-image-preview:large, max-video-preview:-1\" \/>\n<link rel=\"canonical\" href=\"https:\/\/www.bergerac.aeroport.fr\/en\/business-aviation-private-flights\/\" \/>\n<meta property=\"og:locale\" content=\"en_US\" \/>\n<meta property=\"og:type\" content=\"article\" \/>\n<meta property=\"og:title\" content=\"Business Aviation \/ Private Flights - A\u00e9roport Bergerac Dordogne P\u00e9rigord\" \/>\n<meta property=\"og:description\" content=\"Site officiel de l&#039;A\u00e9roport Bergerac Dordogne P\u00e9rigord. Voyage, billets d&#039;avion, horaires vols, compagnies a\u00e9riennes, acc\u00e8s et r\u00e9servation parking.\" \/>\n<meta property=\"og:url\" content=\"https:\/\/www.bergerac.aeroport.fr\/en\/business-aviation-private-flights\/\" \/>\n<meta property=\"og:site_name\" content=\"A\u00e9roport Bergerac Dordogne P\u00e9rigord\" \/>\n<meta property=\"article:publisher\" content=\"https:\/\/www.facebook.com\/aeroportbergerac.dordogneperigord\" \/>\n<meta property=\"article:modified_time\" content=\"2023-03-24T10:13:20+00:00\" \/>\n<meta name=\"twitter:label1\" content=\"Est. reading time\" \/>\n\t<meta name=\"twitter:data1\" content=\"1 minute\" \/>\n<script type=\"application\/ld+json\" class=\"yoast-schema-graph\">{\"@context\":\"https:\\\/\\\/schema.org\",\"@graph\":[{\"@type\":\"WebPage\",\"@id\":\"https:\\\/\\\/www.bergerac.aeroport.fr\\\/en\\\/business-aviation-private-flights\\\/\",\"url\":\"https:\\\/\\\/www.bergerac.aeroport.fr\\\/en\\\/business-aviation-private-flights\\\/\",\"name\":\"Business Aviation \\\/ Private Flights - A\u00e9roport Bergerac Dordogne P\u00e9rigord\",\"isPartOf\":{\"@id\":\"https:\\\/\\\/www.bergerac.aeroport.fr\\\/#website\"},\"datePublished\":\"2016-01-06T15:24:51+00:00\",\"dateModified\":\"2023-03-24T10:13:20+00:00\",\"description\":\"Site officiel de l'A\u00e9roport Bergerac Dordogne P\u00e9rigord. Voyage, billets d'avion, horaires vols, compagnies a\u00e9riennes, acc\u00e8s et r\u00e9servation parking.\",\"breadcrumb\":{\"@id\":\"https:\\\/\\\/www.bergerac.aeroport.fr\\\/en\\\/business-aviation-private-flights\\\/#breadcrumb\"},\"inLanguage\":\"en-US\",\"potentialAction\":[{\"@type\":\"ReadAction\",\"target\":[\"https:\\\/\\\/www.bergerac.aeroport.fr\\\/en\\\/business-aviation-private-flights\\\/\"]}]},{\"@type\":\"BreadcrumbList\",\"@id\":\"https:\\\/\\\/www.bergerac.aeroport.fr\\\/en\\\/business-aviation-private-flights\\\/#breadcrumb\",\"itemListElement\":[{\"@type\":\"ListItem\",\"position\":1,\"name\":\"Home\",\"item\":\"https:\\\/\\\/www.bergerac.aeroport.fr\\\/en\\\/\"},{\"@type\":\"ListItem\",\"position\":2,\"name\":\"Business Aviation \\\/ Private Flights\"}]},{\"@type\":\"WebSite\",\"@id\":\"https:\\\/\\\/www.bergerac.aeroport.fr\\\/#website\",\"url\":\"https:\\\/\\\/www.bergerac.aeroport.fr\\\/\",\"name\":\"A\u00e9roport Bergerac Dordogne P\u00e9rigord\",\"description\":\"\",\"potentialAction\":[{\"@type\":\"SearchAction\",\"target\":{\"@type\":\"EntryPoint\",\"urlTemplate\":\"https:\\\/\\\/www.bergerac.aeroport.fr\\\/?s={search_term_string}\"},\"query-input\":{\"@type\":\"PropertyValueSpecification\",\"valueRequired\":true,\"valueName\":\"search_term_string\"}}],\"inLanguage\":\"en-US\"}]}<\/script>\n<!-- \/ Yoast SEO plugin. -->","yoast_head_json":{"title":"Business Aviation \/ Private Flights - A\u00e9roport Bergerac Dordogne P\u00e9rigord","description":"Site officiel de l'A\u00e9roport Bergerac Dordogne P\u00e9rigord. Voyage, billets d'avion, horaires vols, compagnies a\u00e9riennes, acc\u00e8s et r\u00e9servation parking.","robots":{"index":"index","follow":"follow","max-snippet":"max-snippet:-1","max-image-preview":"max-image-preview:large","max-video-preview":"max-video-preview:-1"},"canonical":"https:\/\/www.bergerac.aeroport.fr\/en\/business-aviation-private-flights\/","og_locale":"en_US","og_type":"article","og_title":"Business Aviation \/ Private Flights - A\u00e9roport Bergerac Dordogne P\u00e9rigord","og_description":"Site officiel de l'A\u00e9roport Bergerac Dordogne P\u00e9rigord. Voyage, billets d'avion, horaires vols, compagnies a\u00e9riennes, acc\u00e8s et r\u00e9servation parking.","og_url":"https:\/\/www.bergerac.aeroport.fr\/en\/business-aviation-private-flights\/","og_site_name":"A\u00e9roport Bergerac Dordogne P\u00e9rigord","article_publisher":"https:\/\/www.facebook.com\/aeroportbergerac.dordogneperigord","article_modified_time":"2023-03-24T10:13:20+00:00","twitter_misc":{"Est. reading time":"1 minute"},"schema":{"@context":"https:\/\/schema.org","@graph":[{"@type":"WebPage","@id":"https:\/\/www.bergerac.aeroport.fr\/en\/business-aviation-private-flights\/","url":"https:\/\/www.bergerac.aeroport.fr\/en\/business-aviation-private-flights\/","name":"Business Aviation \/ Private Flights - A\u00e9roport Bergerac Dordogne P\u00e9rigord","isPartOf":{"@id":"https:\/\/www.bergerac.aeroport.fr\/#website"},"datePublished":"2016-01-06T15:24:51+00:00","dateModified":"2023-03-24T10:13:20+00:00","description":"Site officiel de l'A\u00e9roport Bergerac Dordogne P\u00e9rigord. Voyage, billets d'avion, horaires vols, compagnies a\u00e9riennes, acc\u00e8s et r\u00e9servation parking.","breadcrumb":{"@id":"https:\/\/www.bergerac.aeroport.fr\/en\/business-aviation-private-flights\/#breadcrumb"},"inLanguage":"en-US","potentialAction":[{"@type":"ReadAction","target":["https:\/\/www.bergerac.aeroport.fr\/en\/business-aviation-private-flights\/"]}]},{"@type":"BreadcrumbList","@id":"https:\/\/www.bergerac.aeroport.fr\/en\/business-aviation-private-flights\/#breadcrumb","itemListElement":[{"@type":"ListItem","position":1,"name":"Home","item":"https:\/\/www.bergerac.aeroport.fr\/en\/"},{"@type":"ListItem","position":2,"name":"Business Aviation \/ Private Flights"}]},{"@type":"WebSite","@id":"https:\/\/www.bergerac.aeroport.fr\/#website","url":"https:\/\/www.bergerac.aeroport.fr\/","name":"A\u00e9roport Bergerac Dordogne P\u00e9rigord","description":"","potentialAction":[{"@type":"SearchAction","target":{"@type":"EntryPoint","urlTemplate":"https:\/\/www.bergerac.aeroport.fr\/?s={search_term_string}"},"query-input":{"@type":"PropertyValueSpecification","valueRequired":true,"valueName":"search_term_string"}}],"inLanguage":"en-US"}]}},"_links":{"self":[{"href":"https:\/\/www.bergerac.aeroport.fr\/en\/wp-json\/wp\/v2\/pages\/2429\/"}],"collection":[{"href":"https:\/\/www.bergerac.aeroport.fr\/en\/wp-json\/wp\/v2\/pages\/"}],"about":[{"href":"https:\/\/www.bergerac.aeroport.fr\/en\/wp-json\/wp\/v2\/types\/page\/"}],"author":[{"embeddable":true,"href":"https:\/\/www.bergerac.aeroport.fr\/en\/wp-json\/wp\/v2\/users\/2\/"}],"replies":[{"embeddable":true,"href":"https:\/\/www.bergerac.aeroport.fr\/en\/wp-json\/wp\/v2\/comments\/?post=2429"}],"version-history":[{"count":7,"href":"https:\/\/www.bergerac.aeroport.fr\/en\/wp-json\/wp\/v2\/pages\/2429\/revisions\/"}],"predecessor-version":[{"id":5486,"href":"https:\/\/www.bergerac.aeroport.fr\/en\/wp-json\/wp\/v2\/pages\/2429\/revisions\/5486\/"}],"wp:attachment":[{"href":"https:\/\/www.bergerac.aeroport.fr\/en\/wp-json\/wp\/v2\/media\/?parent=2429"}],"curies":[{"name":"wp","href":"https:\/\/api.w.org\/{rel}","templated":true}]}}