{"id":5323,"date":"2022-04-21T16:15:55","date_gmt":"2022-04-21T15:15:55","guid":{"rendered":"https:\/\/www.bergerac.aeroport.fr\/bus-aeroport-bergerac-dordogne\/"},"modified":"2023-09-18T08:32:44","modified_gmt":"2023-09-18T07:32:44","slug":"buses","status":"publish","type":"page","link":"https:\/\/www.bergerac.aeroport.fr\/en\/buses\/","title":{"rendered":"Buses"},"content":{"rendered":"<p>Below are the bus routes:<\/p>\n<p>Bergerac &#8211; P\u00e9rigueux : <a href=\"https:\/\/www.bergerac.aeroport.fr\/wp-content\/uploads\/2023\/09\/NOUVEAU-SPECIAL-Hiver-Fiche-horaire-Cars-regionaux-Bergerac-Perigueux.pdf\">Route 330<\/a><br \/>\nBergerac &#8211; Eymet &#8211; Marmande : <a href=\"https:\/\/www.bergerac.aeroport.fr\/wp-content\/uploads\/2023\/09\/NOUVEAU-SPECIAL-Hiver-Fiche-horaire-Cars-regionaux-Marmande-Bergerac.pdf\">Route 332<\/a><br \/>\nBergerac &#8211; Issigeac &#8211; Villeneuve-sur-Lot : <a href=\"https:\/\/www.bergerac.aeroport.fr\/wp-content\/uploads\/2023\/09\/NOUVEAU-SPECIAL-Hiver-Fiche-horaire-Cars-regionaux-Villeneuve-sur-lot-Bergerac.pdf\">Route 333<\/a><br \/>\nPlease note: these 3 routes leave from the airport by reservation only! All 3 go via Bergerac SNCF station.<\/p>\n<p>To take advantage of these lines, you must book before 5pm the day before your journey (before 5pm on Friday for a journey on Monday).<\/p>\n<p>A single journey costs \u20ac2.30 and a return journey \u20ac4.10.<\/p>\n<p><strong>RESERVATIONS BY PHONE: 0970 870 870 (no surcharge)<\/strong><\/p>\n<p>There is another line to Lalinde and Beaumont-en-P\u00e9rigord, but you need to go to one of the stops listed in Bergerac, as the line does not pass through the airport. Click here for details: <a href=\"https:\/\/www.bergerac.aeroport.fr\/wp-content\/uploads\/2023\/09\/NOUVEAU-SPECIAL-Hiver-Fiche-horaire-Cars-regionaux-Lalinde-Bergerac.pdf\">Line 334<\/a><\/p>\n<p><strong>Quick access :<\/strong><br \/>\n<a href=\"https:\/\/www.bergerac.aeroport.fr\/wp-content\/uploads\/2023\/09\/Cartes-des-reseaux-Cars-regionaux-Dordogne.pdf\">Dordogne network map<\/a><br \/>\n<a href=\"https:\/\/www.bergerac.aeroport.fr\/wp-content\/uploads\/2023\/09\/Informations-pratiques-points_vente-Cars-regionaux-Dordogne.pdf\">Points of sale<\/a><br \/>\n<a href=\"https:\/\/www.bergerac.aeroport.fr\/wp-content\/uploads\/2023\/09\/Informations-pratiques-tarifs_abonnements-Cars-regionaux-Dordogne.pdf\">Fares and season tickets<\/a><\/p>\n<p>For more information: https:\/\/transports.nouvelle-aquitaine.fr\/cars-regionaux<\/p>\n<p>#bus #aeroport #gare #bergerac<\/p>\n","protected":false},"excerpt":{"rendered":"<p>Below are the bus routes: Bergerac &#8211; P\u00e9rigueux : Route 330 Bergerac &#8211; Eymet &#8211; Marmande : Route 332 Bergerac &#8211; Issigeac &#8211; Villeneuve-sur-Lot : Route 333 Please note: these 3 routes leave from the airport by reservation only! All 3 go via Bergerac SNCF station. To take advantage of these lines, you must book [&hellip;]<\/p>\n","protected":false},"author":2,"featured_media":0,"parent":0,"menu_order":0,"comment_status":"closed","ping_status":"closed","template":"","meta":{"footnotes":""},"class_list":["post-5323","page","type-page","status-publish","hentry"],"yoast_head":"<!-- This site is optimized with the Yoast SEO plugin v27.4 - https:\/\/yoast.com\/product\/yoast-seo-wordpress\/ -->\n<title>Buses - A\u00e9roport Bergerac Dordogne P\u00e9rigord<\/title>\n<meta name=\"description\" content=\"R\u00e9servez votre bus au d\u00e9part o\u00f9 \u00e0 l&#039;arriver de l&#039;a\u00e9roport Bergerac Dordogne P\u00e9rigord. Bus A\u00e9roport Bergerac\" \/>\n<meta name=\"robots\" content=\"index, follow, max-snippet:-1, max-image-preview:large, max-video-preview:-1\" \/>\n<link rel=\"canonical\" href=\"https:\/\/www.bergerac.aeroport.fr\/en\/buses\/\" \/>\n<meta property=\"og:locale\" content=\"en_US\" \/>\n<meta property=\"og:type\" content=\"article\" \/>\n<meta property=\"og:title\" content=\"Buses - A\u00e9roport Bergerac Dordogne P\u00e9rigord\" \/>\n<meta property=\"og:description\" content=\"R\u00e9servez votre bus au d\u00e9part o\u00f9 \u00e0 l&#039;arriver de l&#039;a\u00e9roport Bergerac Dordogne P\u00e9rigord. Bus A\u00e9roport Bergerac\" \/>\n<meta property=\"og:url\" content=\"https:\/\/www.bergerac.aeroport.fr\/en\/buses\/\" \/>\n<meta property=\"og:site_name\" content=\"A\u00e9roport Bergerac Dordogne P\u00e9rigord\" \/>\n<meta property=\"article:publisher\" content=\"https:\/\/www.facebook.com\/aeroportbergerac.dordogneperigord\" \/>\n<meta property=\"article:modified_time\" content=\"2023-09-18T07:32:44+00:00\" \/>\n<meta name=\"twitter:label1\" content=\"Est. reading time\" \/>\n\t<meta name=\"twitter:data1\" content=\"1 minute\" \/>\n<script type=\"application\/ld+json\" class=\"yoast-schema-graph\">{\"@context\":\"https:\\\/\\\/schema.org\",\"@graph\":[{\"@type\":\"WebPage\",\"@id\":\"https:\\\/\\\/www.bergerac.aeroport.fr\\\/en\\\/buses\\\/\",\"url\":\"https:\\\/\\\/www.bergerac.aeroport.fr\\\/en\\\/buses\\\/\",\"name\":\"Buses - A\u00e9roport Bergerac Dordogne P\u00e9rigord\",\"isPartOf\":{\"@id\":\"https:\\\/\\\/www.bergerac.aeroport.fr\\\/#website\"},\"datePublished\":\"2022-04-21T15:15:55+00:00\",\"dateModified\":\"2023-09-18T07:32:44+00:00\",\"description\":\"R\u00e9servez votre bus au d\u00e9part o\u00f9 \u00e0 l'arriver de l'a\u00e9roport Bergerac Dordogne P\u00e9rigord. Bus A\u00e9roport Bergerac\",\"breadcrumb\":{\"@id\":\"https:\\\/\\\/www.bergerac.aeroport.fr\\\/en\\\/buses\\\/#breadcrumb\"},\"inLanguage\":\"en-US\",\"potentialAction\":[{\"@type\":\"ReadAction\",\"target\":[\"https:\\\/\\\/www.bergerac.aeroport.fr\\\/en\\\/buses\\\/\"]}]},{\"@type\":\"BreadcrumbList\",\"@id\":\"https:\\\/\\\/www.bergerac.aeroport.fr\\\/en\\\/buses\\\/#breadcrumb\",\"itemListElement\":[{\"@type\":\"ListItem\",\"position\":1,\"name\":\"Home\",\"item\":\"https:\\\/\\\/www.bergerac.aeroport.fr\\\/en\\\/\"},{\"@type\":\"ListItem\",\"position\":2,\"name\":\"Buses\"}]},{\"@type\":\"WebSite\",\"@id\":\"https:\\\/\\\/www.bergerac.aeroport.fr\\\/#website\",\"url\":\"https:\\\/\\\/www.bergerac.aeroport.fr\\\/\",\"name\":\"A\u00e9roport Bergerac Dordogne P\u00e9rigord\",\"description\":\"\",\"potentialAction\":[{\"@type\":\"SearchAction\",\"target\":{\"@type\":\"EntryPoint\",\"urlTemplate\":\"https:\\\/\\\/www.bergerac.aeroport.fr\\\/?s={search_term_string}\"},\"query-input\":{\"@type\":\"PropertyValueSpecification\",\"valueRequired\":true,\"valueName\":\"search_term_string\"}}],\"inLanguage\":\"en-US\"}]}<\/script>\n<!-- \/ Yoast SEO plugin. -->","yoast_head_json":{"title":"Buses - A\u00e9roport Bergerac Dordogne P\u00e9rigord","description":"R\u00e9servez votre bus au d\u00e9part o\u00f9 \u00e0 l'arriver de l'a\u00e9roport Bergerac Dordogne P\u00e9rigord. Bus A\u00e9roport Bergerac","robots":{"index":"index","follow":"follow","max-snippet":"max-snippet:-1","max-image-preview":"max-image-preview:large","max-video-preview":"max-video-preview:-1"},"canonical":"https:\/\/www.bergerac.aeroport.fr\/en\/buses\/","og_locale":"en_US","og_type":"article","og_title":"Buses - A\u00e9roport Bergerac Dordogne P\u00e9rigord","og_description":"R\u00e9servez votre bus au d\u00e9part o\u00f9 \u00e0 l'arriver de l'a\u00e9roport Bergerac Dordogne P\u00e9rigord. Bus A\u00e9roport Bergerac","og_url":"https:\/\/www.bergerac.aeroport.fr\/en\/buses\/","og_site_name":"A\u00e9roport Bergerac Dordogne P\u00e9rigord","article_publisher":"https:\/\/www.facebook.com\/aeroportbergerac.dordogneperigord","article_modified_time":"2023-09-18T07:32:44+00:00","twitter_misc":{"Est. reading time":"1 minute"},"schema":{"@context":"https:\/\/schema.org","@graph":[{"@type":"WebPage","@id":"https:\/\/www.bergerac.aeroport.fr\/en\/buses\/","url":"https:\/\/www.bergerac.aeroport.fr\/en\/buses\/","name":"Buses - A\u00e9roport Bergerac Dordogne P\u00e9rigord","isPartOf":{"@id":"https:\/\/www.bergerac.aeroport.fr\/#website"},"datePublished":"2022-04-21T15:15:55+00:00","dateModified":"2023-09-18T07:32:44+00:00","description":"R\u00e9servez votre bus au d\u00e9part o\u00f9 \u00e0 l'arriver de l'a\u00e9roport Bergerac Dordogne P\u00e9rigord. Bus A\u00e9roport Bergerac","breadcrumb":{"@id":"https:\/\/www.bergerac.aeroport.fr\/en\/buses\/#breadcrumb"},"inLanguage":"en-US","potentialAction":[{"@type":"ReadAction","target":["https:\/\/www.bergerac.aeroport.fr\/en\/buses\/"]}]},{"@type":"BreadcrumbList","@id":"https:\/\/www.bergerac.aeroport.fr\/en\/buses\/#breadcrumb","itemListElement":[{"@type":"ListItem","position":1,"name":"Home","item":"https:\/\/www.bergerac.aeroport.fr\/en\/"},{"@type":"ListItem","position":2,"name":"Buses"}]},{"@type":"WebSite","@id":"https:\/\/www.bergerac.aeroport.fr\/#website","url":"https:\/\/www.bergerac.aeroport.fr\/","name":"A\u00e9roport Bergerac Dordogne P\u00e9rigord","description":"","potentialAction":[{"@type":"SearchAction","target":{"@type":"EntryPoint","urlTemplate":"https:\/\/www.bergerac.aeroport.fr\/?s={search_term_string}"},"query-input":{"@type":"PropertyValueSpecification","valueRequired":true,"valueName":"search_term_string"}}],"inLanguage":"en-US"}]}},"_links":{"self":[{"href":"https:\/\/www.bergerac.aeroport.fr\/en\/wp-json\/wp\/v2\/pages\/5323\/"}],"collection":[{"href":"https:\/\/www.bergerac.aeroport.fr\/en\/wp-json\/wp\/v2\/pages\/"}],"about":[{"href":"https:\/\/www.bergerac.aeroport.fr\/en\/wp-json\/wp\/v2\/types\/page\/"}],"author":[{"embeddable":true,"href":"https:\/\/www.bergerac.aeroport.fr\/en\/wp-json\/wp\/v2\/users\/2\/"}],"replies":[{"embeddable":true,"href":"https:\/\/www.bergerac.aeroport.fr\/en\/wp-json\/wp\/v2\/comments\/?post=5323"}],"version-history":[{"count":4,"href":"https:\/\/www.bergerac.aeroport.fr\/en\/wp-json\/wp\/v2\/pages\/5323\/revisions\/"}],"predecessor-version":[{"id":5659,"href":"https:\/\/www.bergerac.aeroport.fr\/en\/wp-json\/wp\/v2\/pages\/5323\/revisions\/5659\/"}],"wp:attachment":[{"href":"https:\/\/www.bergerac.aeroport.fr\/en\/wp-json\/wp\/v2\/media\/?parent=5323"}],"curies":[{"name":"wp","href":"https:\/\/api.w.org\/{rel}","templated":true}]}}